{"id":1443,"date":"2019-12-12T00:13:01","date_gmt":"2019-12-11T23:13:01","guid":{"rendered":"https:\/\/www.arabianssecret.com\/?post_type=product&#038;p=1443"},"modified":"2026-03-04T17:04:23","modified_gmt":"2026-03-04T15:04:23","slug":"saharska-perla","status":"publish","type":"product","link":"https:\/\/www.arabianssecret.com\/cs\/product\/sahara-pearl\/","title":{"rendered":"SAHARA PEARL"},"content":{"rendered":"","protected":false},"excerpt":{"rendered":"<p style=\"text-align: center;\"><strong>Sahara Pearl<\/strong><br \/>\nA pokud to v\u0161echno za\u010dalo v srdci pou\u0161t\u011b, kde nebe a p\u00edse\u010dn\u00e9 duny spl\u00fdvaj\u00ed v jedno... Podlehn\u011bte po\u017eitk\u016fm saharsk\u00e9 perly, kter\u00e1 je jako o\u00e1za pln\u00e1 sv\u011b\u017eesti a nese v sob\u011b ve\u0161kerou s\u00edlu a klid pou\u0161t\u011b.<\/p>\n<p style=\"text-align: center;\"><strong>Jako z\u00e1zrak v srdci pou\u0161t\u011b<\/strong><br \/>\nNechte se pohltit pou\u0161t\u00ed a vychutnejte si ka\u017ed\u00fd pocit... Vydejte se na vo\u0148av\u00fd v\u00fdlet do nekone\u010dn\u00fdch dun Sahary. Pr\u00e1v\u011b zde, v tepl\u00e9m p\u00edsku, kde v\u0161e za\u010d\u00edn\u00e1 i kon\u010d\u00ed, se zrodila v\u016fn\u011b Sahara Pearl. Ne\u010dekan\u00e1 a vz\u00e1cn\u00e1 o\u00e1za parf\u00e9mu se prom\u011bn\u00ed ve sv\u011b\u017e\u00ed v\u00e1nek krvav\u00e9ho pomeran\u010de, ne\u017e odhal\u00ed sv\u00e9 srdce s jemnou v\u016fn\u00ed levandulov\u00fdch t\u00f3n\u016f. \u0160afr\u00e1n filigr\u00e1nsky umoc\u0148uje tuto \u010distou a intenzivn\u00ed ambrovou n\u00f3tu \u010derven\u00fdm a smysln\u00fdm zlatem. Cesta m\u016f\u017ee pokra\u010dovat...<\/p>","protected":false},"featured_media":8699,"template":"","meta":{"_acf_changed":false},"product_brand":[],"product_cat":[71,76,80],"product_tag":[],"class_list":{"0":"post-1443","1":"product","2":"type-product","3":"status-publish","4":"has-post-thumbnail","6":"product_cat-unisex","7":"product_cat-white_collection","8":"product_cat-parfum-intense","9":"wcpa_has_options","11":"first","12":"instock","13":"shipping-taxable","14":"purchasable","15":"product-type-simple"},"acf":[],"_links":{"self":[{"href":"https:\/\/www.arabianssecret.com\/cs\/wp-json\/wp\/v2\/product\/1443","targetHints":{"allow":["GET"]}}],"collection":[{"href":"https:\/\/www.arabianssecret.com\/cs\/wp-json\/wp\/v2\/product"}],"about":[{"href":"https:\/\/www.arabianssecret.com\/cs\/wp-json\/wp\/v2\/types\/product"}],"version-history":[{"count":0,"href":"https:\/\/www.arabianssecret.com\/cs\/wp-json\/wp\/v2\/product\/1443\/revisions"}],"wp:featuredmedia":[{"embeddable":true,"href":"https:\/\/www.arabianssecret.com\/cs\/wp-json\/wp\/v2\/media\/8699"}],"wp:attachment":[{"href":"https:\/\/www.arabianssecret.com\/cs\/wp-json\/wp\/v2\/media?parent=1443"}],"wp:term":[{"taxonomy":"product_brand","embeddable":true,"href":"https:\/\/www.arabianssecret.com\/cs\/wp-json\/wp\/v2\/product_brand?post=1443"},{"taxonomy":"product_cat","embeddable":true,"href":"https:\/\/www.arabianssecret.com\/cs\/wp-json\/wp\/v2\/product_cat?post=1443"},{"taxonomy":"product_tag","embeddable":true,"href":"https:\/\/www.arabianssecret.com\/cs\/wp-json\/wp\/v2\/product_tag?post=1443"}],"curies":[{"name":"wp","href":"https:\/\/api.w.org\/{rel}","templated":true}]}}