{"id":1445,"date":"2019-12-12T01:42:06","date_gmt":"2019-12-12T00:42:06","guid":{"rendered":"https:\/\/www.arabianssecret.com\/?post_type=product&#038;p=1445"},"modified":"2026-03-04T17:03:16","modified_gmt":"2026-03-04T15:03:16","slug":"jantarove-modra","status":"publish","type":"product","link":"https:\/\/www.arabianssecret.com\/cs\/product\/amber-blue\/","title":{"rendered":"AMBER BLUE"},"content":{"rendered":"","protected":false},"excerpt":{"rendered":"<p style=\"text-align: center;\"><strong>Jantarov\u011b modr\u00e1<\/strong><br \/>\nStejn\u011b jako vz\u00e1cn\u00fd a drahocenn\u00fd drahokam, kter\u00fd ho inspiroval, se i Amber Blue vyzna\u010duje okouzluj\u00edc\u00ed originalitou a nepopiratelnou eleganc\u00ed. Mezi nenasytnost\u00ed a citlivost\u00ed zt\u011bles\u0148uje tento parf\u00e9m podstatu radosti ze \u017eivota.<\/p>\n<p style=\"text-align: center;\"><strong>V rytmu v\u00e1\u0161n\u011b<\/strong><br \/>\nStejn\u011b jako argentinsk\u00e9 tango m\u00e1 Amber Blue jedine\u010dnou vitalitu, kter\u00e1 provokuje zv\u011bdavost a jemn\u011b se snoub\u00ed s v\u016fn\u00ed gurm\u00e1nsk\u00e9ho ovoce. Elegantn\u00ed doteky dvou v\u016fn\u00ed, kter\u00e9 dokonale podtrhuj\u00ed jej\u00ed hlubokou, opulentn\u00ed a velkorysou povahu... Amber Blue kombinuje s\u00edlu a sladkost, r\u00fdmuje v\u00e1\u0161e\u0148 a n\u011b\u017en\u00e9 okam\u017eiky, kdy\u017e odhaluje sv\u00e9 hluboce citliv\u00e9 j\u00e1dro tvo\u0159en\u00e9 jantarem, pi\u017emem a vanilkou.<\/p>","protected":false},"featured_media":8692,"template":"","meta":{"_acf_changed":false},"product_brand":[],"product_cat":[71,76,77],"product_tag":[],"class_list":{"0":"post-1445","1":"product","2":"type-product","3":"status-publish","4":"has-post-thumbnail","6":"product_cat-unisex","7":"product_cat-white_collection","8":"product_cat-parfum","9":"wcpa_has_options","11":"first","12":"instock","13":"shipping-taxable","14":"purchasable","15":"product-type-simple"},"acf":[],"_links":{"self":[{"href":"https:\/\/www.arabianssecret.com\/cs\/wp-json\/wp\/v2\/product\/1445","targetHints":{"allow":["GET"]}}],"collection":[{"href":"https:\/\/www.arabianssecret.com\/cs\/wp-json\/wp\/v2\/product"}],"about":[{"href":"https:\/\/www.arabianssecret.com\/cs\/wp-json\/wp\/v2\/types\/product"}],"version-history":[{"count":0,"href":"https:\/\/www.arabianssecret.com\/cs\/wp-json\/wp\/v2\/product\/1445\/revisions"}],"wp:featuredmedia":[{"embeddable":true,"href":"https:\/\/www.arabianssecret.com\/cs\/wp-json\/wp\/v2\/media\/8692"}],"wp:attachment":[{"href":"https:\/\/www.arabianssecret.com\/cs\/wp-json\/wp\/v2\/media?parent=1445"}],"wp:term":[{"taxonomy":"product_brand","embeddable":true,"href":"https:\/\/www.arabianssecret.com\/cs\/wp-json\/wp\/v2\/product_brand?post=1445"},{"taxonomy":"product_cat","embeddable":true,"href":"https:\/\/www.arabianssecret.com\/cs\/wp-json\/wp\/v2\/product_cat?post=1445"},{"taxonomy":"product_tag","embeddable":true,"href":"https:\/\/www.arabianssecret.com\/cs\/wp-json\/wp\/v2\/product_tag?post=1445"}],"curies":[{"name":"wp","href":"https:\/\/api.w.org\/{rel}","templated":true}]}}