{"id":1445,"date":"2019-12-12T01:42:06","date_gmt":"2019-12-12T00:42:06","guid":{"rendered":"https:\/\/www.arabianssecret.com\/?post_type=product&#038;p=1445"},"modified":"2026-03-04T17:03:16","modified_gmt":"2026-03-04T15:03:16","slug":"ravbla","status":"publish","type":"product","link":"https:\/\/www.arabianssecret.com\/da\/product\/amber-blue\/","title":{"rendered":"AMBER BLUE"},"content":{"rendered":"","protected":false},"excerpt":{"rendered":"<p style=\"text-align: center;\"><strong>Ravbl\u00e5<\/strong><br \/>\nLigesom den sj\u00e6ldne og kostbare \u00e6delsten, der har inspireret den, er Amber Blue kendetegnet ved sin charmerende originalitet og ubestridelige elegance. Mellem um\u00e6ttelighed og f\u00f8lsomhed udtrykker denne parfume essensen af at nyde livet.<\/p>\n<p style=\"text-align: center;\"><strong>I lidenskabens rytme<\/strong><br \/>\nLigesom argentinsk tango har Amber Blue en unik vitalitet, der v\u00e6kker nysgerrighed og blidt kombinerer duften af gourmetfrugt. Det elegante strejf af to dufte, som perfekt understreger dens dybe, overd\u00e5dige og gener\u00f8se natur ... Amber Blue kombinerer styrke og s\u00f8dme og rimer p\u00e5 lidenskab og blide \u00f8jeblikke, mens den afsl\u00f8rer sin dybt f\u00f8lsomme kerne best\u00e5ende af rav, moskus og vanilje.<\/p>","protected":false},"featured_media":8692,"template":"","meta":{"_acf_changed":false},"product_brand":[],"product_cat":[71,76,77],"product_tag":[],"class_list":{"0":"post-1445","1":"product","2":"type-product","3":"status-publish","4":"has-post-thumbnail","6":"product_cat-unisex","7":"product_cat-white_collection","8":"product_cat-parfum","9":"wcpa_has_options","11":"first","12":"instock","13":"shipping-taxable","14":"purchasable","15":"product-type-simple"},"acf":[],"_links":{"self":[{"href":"https:\/\/www.arabianssecret.com\/da\/wp-json\/wp\/v2\/product\/1445","targetHints":{"allow":["GET"]}}],"collection":[{"href":"https:\/\/www.arabianssecret.com\/da\/wp-json\/wp\/v2\/product"}],"about":[{"href":"https:\/\/www.arabianssecret.com\/da\/wp-json\/wp\/v2\/types\/product"}],"version-history":[{"count":0,"href":"https:\/\/www.arabianssecret.com\/da\/wp-json\/wp\/v2\/product\/1445\/revisions"}],"wp:featuredmedia":[{"embeddable":true,"href":"https:\/\/www.arabianssecret.com\/da\/wp-json\/wp\/v2\/media\/8692"}],"wp:attachment":[{"href":"https:\/\/www.arabianssecret.com\/da\/wp-json\/wp\/v2\/media?parent=1445"}],"wp:term":[{"taxonomy":"product_brand","embeddable":true,"href":"https:\/\/www.arabianssecret.com\/da\/wp-json\/wp\/v2\/product_brand?post=1445"},{"taxonomy":"product_cat","embeddable":true,"href":"https:\/\/www.arabianssecret.com\/da\/wp-json\/wp\/v2\/product_cat?post=1445"},{"taxonomy":"product_tag","embeddable":true,"href":"https:\/\/www.arabianssecret.com\/da\/wp-json\/wp\/v2\/product_tag?post=1445"}],"curies":[{"name":"wp","href":"https:\/\/api.w.org\/{rel}","templated":true}]}}