{"id":37,"date":"2018-01-27T12:39:49","date_gmt":"2018-01-27T11:39:49","guid":{"rendered":"http:\/\/www.arabianssecret.com\/?post_type=product&#038;p=37"},"modified":"2026-03-04T16:59:52","modified_gmt":"2026-03-04T14:59:52","slug":"orkenen-infini","status":"publish","type":"product","link":"https:\/\/www.arabianssecret.com\/da\/product\/desert-infini\/","title":{"rendered":"DESERT INFINI"},"content":{"rendered":"<p style=\"text-align: center;\">Comme une envie de voyage lointain qui se d\u00e9voilerait \u00e9tape par \u00e9tape&#8230; Partez \u00e0 la d\u00e9couverte d&#8217;un univers envo\u00fbtant avec ce parfum f\u00e9minin-masculin. D\u00e9sert Infini vous entra\u00eene vers les portes de l&#8217;Orient, au milieu d&#8217;\u00e9pices et de senteurs enivrantes. Vif et stimulant, son d\u00e9part est aromatique, assez \u00e9pic\u00e9 pour permettre de lib\u00e9rer la puissance animale de son c\u0153ur de Tabac et F\u00e8ve Tonka. Apr\u00e8s la force vient la douceur, et c&#8217;est sur un fond profond\u00e9ment gourmand que le voyage s&#8217;ach\u00e8ve, dans une explosion sucr\u00e9e de Vanille, de Cacao et de Fruit sec.<\/p>","protected":false},"excerpt":{"rendered":"<p style=\"text-align: center;\"><strong>Uendelig \u00f8rken<\/strong><br \/>\nSom et \u00f8nske om at rejse langt v\u00e6k, der ville udfolde sig trin for trin ... Oplev en verden, der f\u00e6ngsler med denne feminine-maskuline duft. Desert Infinite tager dig med til \u00d8stens porte blandt krydderier og berusende dufte. Livlig og stimulerende, hans afgang er aromatisk, krydret nok til at frig\u00f8re den dyriske kraft i hans hjerte Tobak og Tonkab\u00f8nne. Efter styrken kommer s\u00f8dmen, og det er p\u00e5 en dybt gr\u00e5dig baggrund, at rejsen ender i en s\u00f8d eksplosion af vanilje, kakao og t\u00f8rrede frugter.<\/p>","protected":false},"featured_media":8760,"template":"","meta":{"_acf_changed":false},"product_brand":[],"product_cat":[71,75,79],"product_tag":[],"class_list":{"0":"post-37","1":"product","2":"type-product","3":"status-publish","4":"has-post-thumbnail","6":"product_cat-unisex","7":"product_cat-black_collection","8":"product_cat-eau-de-parfum","9":"wcpa_has_options","11":"first","12":"instock","13":"shipping-taxable","14":"purchasable","15":"product-type-simple"},"acf":[],"_links":{"self":[{"href":"https:\/\/www.arabianssecret.com\/da\/wp-json\/wp\/v2\/product\/37","targetHints":{"allow":["GET"]}}],"collection":[{"href":"https:\/\/www.arabianssecret.com\/da\/wp-json\/wp\/v2\/product"}],"about":[{"href":"https:\/\/www.arabianssecret.com\/da\/wp-json\/wp\/v2\/types\/product"}],"version-history":[{"count":0,"href":"https:\/\/www.arabianssecret.com\/da\/wp-json\/wp\/v2\/product\/37\/revisions"}],"wp:featuredmedia":[{"embeddable":true,"href":"https:\/\/www.arabianssecret.com\/da\/wp-json\/wp\/v2\/media\/8760"}],"wp:attachment":[{"href":"https:\/\/www.arabianssecret.com\/da\/wp-json\/wp\/v2\/media?parent=37"}],"wp:term":[{"taxonomy":"product_brand","embeddable":true,"href":"https:\/\/www.arabianssecret.com\/da\/wp-json\/wp\/v2\/product_brand?post=37"},{"taxonomy":"product_cat","embeddable":true,"href":"https:\/\/www.arabianssecret.com\/da\/wp-json\/wp\/v2\/product_cat?post=37"},{"taxonomy":"product_tag","embeddable":true,"href":"https:\/\/www.arabianssecret.com\/da\/wp-json\/wp\/v2\/product_tag?post=37"}],"curies":[{"name":"wp","href":"https:\/\/api.w.org\/{rel}","templated":true}]}}