{"id":1443,"date":"2019-12-12T00:13:01","date_gmt":"2019-12-11T23:13:01","guid":{"rendered":"https:\/\/www.arabianssecret.com\/?post_type=product&#038;p=1443"},"modified":"2026-03-04T17:04:23","modified_gmt":"2026-03-04T15:04:23","slug":"sahara-perle","status":"publish","type":"product","link":"https:\/\/www.arabianssecret.com\/de\/product\/sahara-pearl\/","title":{"rendered":"SAHARA PEARL"},"content":{"rendered":"","protected":false},"excerpt":{"rendered":"<p style=\"text-align: center;\"><strong>Sahara-Perle<\/strong><br \/>\nUnd wenn alles im Herzen der W\u00fcste begann, wo Himmel und Sandd\u00fcnen eins werden... Lassen Sie sich von der Sahara Pearl verzaubern, einer Oase voller Frische, die die ganze Kraft und Gelassenheit der W\u00fcste in sich tr\u00e4gt.<\/p>\n<p style=\"text-align: center;\"><strong>Wie ein Wunder im Herzen der W\u00fcste<\/strong><br \/>\nLassen Sie sich von der W\u00fcste verschlingen, w\u00e4hrend Sie jedes Gef\u00fchl genie\u00dfen... Machen Sie eine duftende Reise zu den endlosen D\u00fcnen der Sahara. Hier, im warmen Sand, wo alles beginnt und endet, wurde der Duft von Sahara Pearl geboren. Unerwartet und kostbar verwandelt sich diese Oase eines Parfums in eine frische Brise Blutorange, bevor sie ihr Herz mit einem zarten Duft von Lavendelnoten enth\u00fcllt. Filigran erg\u00e4nzt Safran diese reine und intensive Ambernote mit einem roten und sinnlichen Gold. Die Reise kann weitergehen...<\/p>","protected":false},"featured_media":8699,"template":"","meta":{"_acf_changed":false},"product_brand":[],"product_cat":[71,76,80],"product_tag":[],"class_list":{"0":"post-1443","1":"product","2":"type-product","3":"status-publish","4":"has-post-thumbnail","6":"product_cat-unisex","7":"product_cat-white_collection","8":"product_cat-parfum-intense","9":"wcpa_has_options","11":"first","12":"instock","13":"shipping-taxable","14":"purchasable","15":"product-type-simple"},"acf":[],"_links":{"self":[{"href":"https:\/\/www.arabianssecret.com\/de\/wp-json\/wp\/v2\/product\/1443","targetHints":{"allow":["GET"]}}],"collection":[{"href":"https:\/\/www.arabianssecret.com\/de\/wp-json\/wp\/v2\/product"}],"about":[{"href":"https:\/\/www.arabianssecret.com\/de\/wp-json\/wp\/v2\/types\/product"}],"version-history":[{"count":0,"href":"https:\/\/www.arabianssecret.com\/de\/wp-json\/wp\/v2\/product\/1443\/revisions"}],"wp:featuredmedia":[{"embeddable":true,"href":"https:\/\/www.arabianssecret.com\/de\/wp-json\/wp\/v2\/media\/8699"}],"wp:attachment":[{"href":"https:\/\/www.arabianssecret.com\/de\/wp-json\/wp\/v2\/media?parent=1443"}],"wp:term":[{"taxonomy":"product_brand","embeddable":true,"href":"https:\/\/www.arabianssecret.com\/de\/wp-json\/wp\/v2\/product_brand?post=1443"},{"taxonomy":"product_cat","embeddable":true,"href":"https:\/\/www.arabianssecret.com\/de\/wp-json\/wp\/v2\/product_cat?post=1443"},{"taxonomy":"product_tag","embeddable":true,"href":"https:\/\/www.arabianssecret.com\/de\/wp-json\/wp\/v2\/product_tag?post=1443"}],"curies":[{"name":"wp","href":"https:\/\/api.w.org\/{rel}","templated":true}]}}