{"id":39,"date":"2018-01-27T12:41:12","date_gmt":"2018-01-27T11:41:12","guid":{"rendered":"http:\/\/www.arabianssecret.com\/?post_type=product&#038;p=39"},"modified":"2026-03-04T16:59:43","modified_gmt":"2026-03-04T14:59:43","slug":"feux-d-argent","status":"publish","type":"product","link":"https:\/\/www.arabianssecret.com\/el\/product\/feux-d-argent\/","title":{"rendered":"FEUX D'ARGENT"},"content":{"rendered":"<p style=\"text-align: center;\">D&#8217;abord iridescent pour mieux r\u00e9v\u00e9ler son incandescence, Feux d&#8217;argent fait monter progressivement la temp\u00e9rature. Il trouve son \u00e9quilibre dans les contradictions, en distillant note apr\u00e8s note toute une gamme de fragrances de plus en plus br\u00fblantes. Une \u00e9tincelle de fra\u00eecheur presque camphr\u00e9e ouvre le bal\u00a0: Lavande et Menthe s&#8217;embrasent en un \u00e9blouissant c\u0153ur fleuri liant Cerise, Freesia et Jasmin. On devine sous ces notes lumineuses la complexit\u00e9 gourmande et sensuelle d&#8217;un fond ardent qui m\u00eale Benjoin, Caramel, C\u00e8dre, Cuir et Vanille.<\/p>","protected":false},"excerpt":{"rendered":"<p style=\"text-align: center;\"><strong>Feux d&#8217;argent<\/strong><br \/>\n\u0391\u03c1\u03c7\u03b9\u03ba\u03ac \u03be\u03b5\u03c7\u03b5\u03b9\u03bb\u03af\u03b6\u03b5\u03b9 \u03b3\u03b9\u03b1 \u03bd\u03b1 \u03b1\u03c0\u03bf\u03ba\u03b1\u03bb\u03cd\u03c8\u03b5\u03b9 \u03ba\u03b1\u03bb\u03cd\u03c4\u03b5\u03c1\u03b1 \u03c4\u03b7\u03bd \u03b8\u03b5\u03c1\u03bc\u03ae \u03c4\u03bf\u03c5 \u03bb\u03ac\u03bc\u03c8\u03b7, \u03c4\u03bf Feux d'argent \u03b1\u03c5\u03be\u03ac\u03bd\u03b5\u03b9 \u03c3\u03c4\u03b1\u03b4\u03b9\u03b1\u03ba\u03ac \u03c4\u03b7 \u03b8\u03b5\u03c1\u03bc\u03bf\u03ba\u03c1\u03b1\u03c3\u03af\u03b1. \u0392\u03c1\u03af\u03c3\u03ba\u03b5\u03b9 \u03c4\u03b7\u03bd \u03b9\u03c3\u03bf\u03c1\u03c1\u03bf\u03c0\u03af\u03b1 \u03c4\u03bf\u03c5 \u03c3\u03c4\u03b9\u03c2 \u03b1\u03bd\u03c4\u03b9\u03c6\u03ac\u03c3\u03b5\u03b9\u03c2, \u03b1\u03c0\u03b5\u03bb\u03b5\u03c5\u03b8\u03b5\u03c1\u03ce\u03bd\u03bf\u03bd\u03c4\u03b1\u03c2 \u03bd\u03cc\u03c4\u03b1 \u03bd\u03cc\u03c4\u03b1 \u03bc\u03b9\u03b1 \u03bf\u03bb\u03cc\u03ba\u03bb\u03b7\u03c1\u03b7 \u03b3\u03ba\u03ac\u03bc\u03b1 \u03b1\u03c1\u03c9\u03bc\u03ac\u03c4\u03c9\u03bd. \u039c\u03b9\u03b1 \u03c3\u03c0\u03af\u03b8\u03b1 \u03bc\u03b5 \u03c6\u03c1\u03b5\u03c3\u03ba\u03ac\u03b4\u03b1 \u03ba\u03b1\u03bc\u03c6\u03bf\u03c1\u03ac\u03c2 \u03b2\u03ac\u03b6\u03b5\u03b9 \u03c4\u03b7\u03bd \u03b1\u03c1\u03c7\u03ae: \u0397 \u03bb\u03b5\u03b2\u03ac\u03bd\u03c4\u03b1 \u03ba\u03b1\u03b9 \u03b7 \u03bc\u03ad\u03bd\u03c4\u03b1 \u03c3\u03c5\u03bd\u03b4\u03c5\u03ac\u03b6\u03bf\u03bd\u03c4\u03b1\u03b9 \u03c3\u03b5 \u03ad\u03bd\u03b1\u03bd \u03b5\u03ba\u03b8\u03b1\u03bc\u03b2\u03c9\u03c4\u03b9\u03ba\u03cc \u03bb\u03bf\u03c5\u03bb\u03bf\u03c5\u03b4\u03ac\u03c4\u03bf \u03c0\u03c5\u03c1\u03ae\u03bd\u03b1 \u03c0\u03bf\u03c5 \u03c3\u03c5\u03bd\u03b4\u03c5\u03ac\u03b6\u03b5\u03b9 \u03ba\u03b5\u03c1\u03ac\u03c3\u03b9, \u03c6\u03c1\u03ad\u03b6\u03b9\u03b1 \u03ba\u03b1\u03b9 \u03b3\u03b9\u03b1\u03c3\u03b5\u03bc\u03af. \u039a\u03ac\u03c4\u03c9 \u03b1\u03c0\u03cc \u03b1\u03c5\u03c4\u03ad\u03c2 \u03c4\u03b9\u03c2 \u03b5\u03bb\u03b1\u03c6\u03c1\u03b9\u03ad\u03c2 \u03bd\u03cc\u03c4\u03b5\u03c2 \u03b2\u03c1\u03af\u03c3\u03ba\u03b5\u03c4\u03b1\u03b9 \u03b7 \u03b1\u03b9\u03c3\u03b8\u03b7\u03c3\u03b9\u03b1\u03ba\u03ae \u03ba\u03b1\u03b9 \u03b3\u03ba\u03bf\u03c5\u03c1\u03bc\u03ad \u03c0\u03bf\u03bb\u03c5\u03c0\u03bb\u03bf\u03ba\u03cc\u03c4\u03b7\u03c4\u03b1 \u03bc\u03b9\u03b1\u03c2 \u03c6\u03bb\u03bf\u03b3\u03b5\u03c1\u03ae\u03c2 \u03bd\u03cc\u03c4\u03b1\u03c2 \u03b2\u03ac\u03c3\u03b7\u03c2 \u03c0\u03bf\u03c5 \u03c3\u03c5\u03bd\u03b4\u03c5\u03ac\u03b6\u03b5\u03b9 \u03b2\u03b5\u03bd\u03b6\u03bf\u0390\u03bd\u03b7, \u03ba\u03b1\u03c1\u03b1\u03bc\u03ad\u03bb\u03b1, \u03ba\u03ad\u03b4\u03c1\u03bf, \u03b4\u03ad\u03c1\u03bc\u03b1 \u03ba\u03b1\u03b9 \u03b2\u03b1\u03bd\u03af\u03bb\u03b9\u03b1.<\/p>","protected":false},"featured_media":8763,"template":"","meta":{"_acf_changed":false},"product_brand":[],"product_cat":[71,75,79],"product_tag":[],"class_list":{"0":"post-39","1":"product","2":"type-product","3":"status-publish","4":"has-post-thumbnail","6":"product_cat-unisex","7":"product_cat-black_collection","8":"product_cat-eau-de-parfum","9":"wcpa_has_options","11":"first","12":"instock","13":"shipping-taxable","14":"purchasable","15":"product-type-simple"},"acf":[],"_links":{"self":[{"href":"https:\/\/www.arabianssecret.com\/el\/wp-json\/wp\/v2\/product\/39","targetHints":{"allow":["GET"]}}],"collection":[{"href":"https:\/\/www.arabianssecret.com\/el\/wp-json\/wp\/v2\/product"}],"about":[{"href":"https:\/\/www.arabianssecret.com\/el\/wp-json\/wp\/v2\/types\/product"}],"version-history":[{"count":0,"href":"https:\/\/www.arabianssecret.com\/el\/wp-json\/wp\/v2\/product\/39\/revisions"}],"wp:featuredmedia":[{"embeddable":true,"href":"https:\/\/www.arabianssecret.com\/el\/wp-json\/wp\/v2\/media\/8763"}],"wp:attachment":[{"href":"https:\/\/www.arabianssecret.com\/el\/wp-json\/wp\/v2\/media?parent=39"}],"wp:term":[{"taxonomy":"product_brand","embeddable":true,"href":"https:\/\/www.arabianssecret.com\/el\/wp-json\/wp\/v2\/product_brand?post=39"},{"taxonomy":"product_cat","embeddable":true,"href":"https:\/\/www.arabianssecret.com\/el\/wp-json\/wp\/v2\/product_cat?post=39"},{"taxonomy":"product_tag","embeddable":true,"href":"https:\/\/www.arabianssecret.com\/el\/wp-json\/wp\/v2\/product_tag?post=39"}],"curies":[{"name":"wp","href":"https:\/\/api.w.org\/{rel}","templated":true}]}}