{"id":90,"date":"2018-03-24T23:03:04","date_gmt":"2018-03-24T22:03:04","guid":{"rendered":"http:\/\/www.arabianssecret.com\/?post_type=product&#038;p=90"},"modified":"2026-03-04T16:59:26","modified_gmt":"2026-03-04T14:59:26","slug":"nuit-coloree","status":"publish","type":"product","link":"https:\/\/www.arabianssecret.com\/el\/product\/nuit-coloree\/","title":{"rendered":"NUIT COLOREE"},"content":{"rendered":"<p style=\"text-align: center;\">D\u00e9paysant et s\u00e9ducteur, Nuit Color\u00e9e vous entra\u00eene hors des sentiers battus. Ce parfum floral, sensuel et chatoyant captive d\u00e8s ses notes de t\u00eate o\u00f9 la fra\u00eecheur fruit\u00e9e de la Mandarine se m\u00eale \u00e0 la douceur capiteuse du Jasmin et aux notes \u00e9pic\u00e9es de Gingembre. Rehauss\u00e9 avec panache par une pointe de sel, son c\u0153ur \u00e9voque la rondeur gourmande de la Vanille pour mieux se fondre dans de voluptueuses et enivrantes notes d&#8217;Ambre gris, de Bois de cachemire et de Santal.<\/p>","protected":false},"excerpt":{"rendered":"<p style=\"text-align: center;\"><strong>Nuit color\u00e9e<\/strong><br \/>\n\u0391\u03c3\u03c5\u03bd\u03ae\u03b8\u03b9\u03c3\u03c4\u03bf \u03ba\u03b1\u03b9 \u03c3\u03b1\u03b3\u03b7\u03bd\u03b5\u03c5\u03c4\u03b9\u03ba\u03cc, \u03c4\u03bf Nuit Color\u00e9e \u03c3\u03b1\u03c2 \u03bf\u03b4\u03b7\u03b3\u03b5\u03af \u03ad\u03be\u03c9 \u03b1\u03c0\u03cc \u03c4\u03b1 \u03b5\u03c5\u03ba\u03bf\u03bb\u03bf\u03b4\u03b9\u03ac\u03b2\u03b1\u03c4\u03b1 \u03bc\u03bf\u03bd\u03bf\u03c0\u03ac\u03c4\u03b9\u03b1. \u0391\u03c5\u03c4\u03cc \u03c4\u03bf \u03bb\u03bf\u03c5\u03bb\u03bf\u03c5\u03b4\u03ac\u03c4\u03bf, \u03b1\u03b9\u03c3\u03b8\u03b7\u03c3\u03b9\u03b1\u03ba\u03cc \u03ba\u03b1\u03b9 \u03b3\u03b5\u03bc\u03ac\u03c4\u03bf \u03ac\u03c1\u03c9\u03bc\u03b1, \u03bc\u03b1\u03b3\u03b5\u03cd\u03b5\u03b9 \u03b3\u03b9\u03b1 \u03b1\u03c1\u03c7\u03ae \u03bc\u03b5 \u03c4\u03b9\u03c2 \u03c5\u03c8\u03b7\u03bb\u03ad\u03c2 \u03bd\u03cc\u03c4\u03b5\u03c2 \u03c4\u03bf\u03c5, \u03cc\u03c0\u03bf\u03c5 \u03b7 \u03c6\u03c1\u03bf\u03c5\u03c4\u03ce\u03b4\u03b7\u03c2 \u03c6\u03c1\u03b5\u03c3\u03ba\u03ac\u03b4\u03b1 \u03c4\u03bf\u03c5 \u03bc\u03b1\u03bd\u03c4\u03b1\u03c1\u03b9\u03bd\u03b9\u03bf\u03cd \u03b1\u03bd\u03b1\u03bc\u03b9\u03b3\u03bd\u03cd\u03b5\u03c4\u03b1\u03b9 \u03bc\u03b5 \u03c4\u03b7 \u03bc\u03b5\u03b8\u03c5\u03c3\u03c4\u03b9\u03ba\u03ae \u03b3\u03bb\u03c5\u03ba\u03cd\u03c4\u03b7\u03c4\u03b1 \u03c4\u03bf\u03c5 \u03b3\u03b9\u03b1\u03c3\u03b5\u03bc\u03b9\u03bf\u03cd \u03ba\u03b1\u03b9 \u03c4\u03b9\u03c2 \u03ad\u03bd\u03c4\u03bf\u03bd\u03b5\u03c2 \u03bd\u03cc\u03c4\u03b5\u03c2 \u03c4\u03bf\u03c5 \u03c4\u03b6\u03af\u03bd\u03c4\u03b6\u03b5\u03c1. \u039c\u03b5 \u03c0\u03b5\u03c1\u03b9\u03c3\u03c3\u03cc\u03c4\u03b5\u03c1\u03bf \u03c3\u03c4\u03b9\u03bb \u03bc\u03ad\u03c3\u03b1 \u03b1\u03c0\u03cc \u03bc\u03b9\u03b1 \u03c0\u03c1\u03ad\u03b6\u03b1 \u03b1\u03bb\u03ac\u03c4\u03b9, \u03bf \u03c0\u03c5\u03c1\u03ae\u03bd\u03b1\u03c2 \u03c4\u03bf\u03c5 \u03b8\u03c5\u03bc\u03af\u03b6\u03b5\u03b9 \u03c4\u03b7\u03bd \u03b3\u03b1\u03c3\u03c4\u03c1\u03bf\u03bd\u03bf\u03bc\u03b9\u03ba\u03ae \u03bf\u03bb\u03bf\u03ba\u03bb\u03ae\u03c1\u03c9\u03c3\u03b7 \u03c4\u03b7\u03c2 \u03b2\u03b1\u03bd\u03af\u03bb\u03b9\u03b1\u03c2 \u03b3\u03b9\u03b1 \u03bd\u03b1 \u03c3\u03c5\u03bd\u03b4\u03c5\u03b1\u03c3\u03c4\u03b5\u03af \u03b1\u03ba\u03cc\u03bc\u03b1 \u03ba\u03b1\u03bb\u03cd\u03c4\u03b5\u03c1\u03b1 \u03bc\u03b5 \u03c4\u03b9\u03c2 \u03c0\u03bb\u03bf\u03cd\u03c3\u03b9\u03b5\u03c2 \u03ba\u03b1\u03b9 \u03bc\u03b5\u03b8\u03c5\u03c3\u03c4\u03b9\u03ba\u03ad\u03c2 \u03bd\u03cc\u03c4\u03b5\u03c2 \u03c4\u03bf\u03c5 \u03b3\u03ba\u03c1\u03b9 \u03ba\u03b5\u03c7\u03c1\u03b9\u03bc\u03c0\u03b1\u03c1\u03b9\u03bf\u03cd, \u03c4\u03bf\u03c5 \u03be\u03cd\u03bb\u03bf\u03c5 \u03ba\u03b1\u03c3\u03bc\u03af\u03c1\u03b9 \u03ba\u03b1\u03b9 \u03c4\u03bf\u03c5 \u03c3\u03b1\u03bd\u03c4\u03b1\u03bb\u03cc\u03be\u03c5\u03bb\u03bf\u03c5.<\/p>","protected":false},"featured_media":8765,"template":"","meta":{"_acf_changed":false},"product_brand":[],"product_cat":[71,75,79],"product_tag":[],"class_list":{"0":"post-90","1":"product","2":"type-product","3":"status-publish","4":"has-post-thumbnail","6":"product_cat-unisex","7":"product_cat-black_collection","8":"product_cat-eau-de-parfum","9":"wcpa_has_options","11":"first","12":"instock","13":"shipping-taxable","14":"purchasable","15":"product-type-simple"},"acf":[],"_links":{"self":[{"href":"https:\/\/www.arabianssecret.com\/el\/wp-json\/wp\/v2\/product\/90","targetHints":{"allow":["GET"]}}],"collection":[{"href":"https:\/\/www.arabianssecret.com\/el\/wp-json\/wp\/v2\/product"}],"about":[{"href":"https:\/\/www.arabianssecret.com\/el\/wp-json\/wp\/v2\/types\/product"}],"version-history":[{"count":0,"href":"https:\/\/www.arabianssecret.com\/el\/wp-json\/wp\/v2\/product\/90\/revisions"}],"wp:featuredmedia":[{"embeddable":true,"href":"https:\/\/www.arabianssecret.com\/el\/wp-json\/wp\/v2\/media\/8765"}],"wp:attachment":[{"href":"https:\/\/www.arabianssecret.com\/el\/wp-json\/wp\/v2\/media?parent=90"}],"wp:term":[{"taxonomy":"product_brand","embeddable":true,"href":"https:\/\/www.arabianssecret.com\/el\/wp-json\/wp\/v2\/product_brand?post=90"},{"taxonomy":"product_cat","embeddable":true,"href":"https:\/\/www.arabianssecret.com\/el\/wp-json\/wp\/v2\/product_cat?post=90"},{"taxonomy":"product_tag","embeddable":true,"href":"https:\/\/www.arabianssecret.com\/el\/wp-json\/wp\/v2\/product_tag?post=90"}],"curies":[{"name":"wp","href":"https:\/\/api.w.org\/{rel}","templated":true}]}}