{"id":1443,"date":"2019-12-12T00:13:01","date_gmt":"2019-12-11T23:13:01","guid":{"rendered":"https:\/\/www.arabianssecret.com\/?post_type=product&#038;p=1443"},"modified":"2026-03-04T17:04:23","modified_gmt":"2026-03-04T15:04:23","slug":"perla-del-sahara","status":"publish","type":"product","link":"https:\/\/www.arabianssecret.com\/es\/product\/sahara-pearl\/","title":{"rendered":"PERLA DE SAHARA"},"content":{"rendered":"","protected":false},"excerpt":{"rendered":"<p style=\"text-align: center;\"><strong>Perla del S\u00e1hara<\/strong><br \/>\nY si todo empez\u00f3 en el coraz\u00f3n del desierto, donde cielo y dunas se hacen uno... Sucumba a las delicias de Sahara Pearl, como un oasis lleno de frescura que lleva en s\u00ed toda la fuerza y la serenidad del desierto.<\/p>\n<p style=\"text-align: center;\"><strong>Como un milagro en el coraz\u00f3n del desierto<\/strong><br \/>\nDeja que el desierto te envuelva mientras disfrutas de cada sensaci\u00f3n... Emprende un fragante viaje a las interminables dunas del S\u00e1hara. Es aqu\u00ed, en la c\u00e1lida arena donde todo empieza y acaba, donde naci\u00f3 el aroma de Perla del S\u00e1hara. Inesperado y precioso, este oasis de perfume se transforma en una brisa fresca de naranja sanguina antes de revelar su coraz\u00f3n con un delicado aroma de notas de lavanda. En filigrana, el Azafr\u00e1n realza esta nota de \u00e1mbar puro e intenso con un oro rojo y sensual. El viaje puede continuar...<\/p>","protected":false},"featured_media":8699,"template":"","meta":{"_acf_changed":false},"product_brand":[],"product_cat":[71,76,80],"product_tag":[],"class_list":{"0":"post-1443","1":"product","2":"type-product","3":"status-publish","4":"has-post-thumbnail","6":"product_cat-unisex","7":"product_cat-white_collection","8":"product_cat-parfum-intense","9":"wcpa_has_options","11":"first","12":"instock","13":"shipping-taxable","14":"purchasable","15":"product-type-simple"},"acf":[],"_links":{"self":[{"href":"https:\/\/www.arabianssecret.com\/es\/wp-json\/wp\/v2\/product\/1443","targetHints":{"allow":["GET"]}}],"collection":[{"href":"https:\/\/www.arabianssecret.com\/es\/wp-json\/wp\/v2\/product"}],"about":[{"href":"https:\/\/www.arabianssecret.com\/es\/wp-json\/wp\/v2\/types\/product"}],"version-history":[{"count":0,"href":"https:\/\/www.arabianssecret.com\/es\/wp-json\/wp\/v2\/product\/1443\/revisions"}],"wp:featuredmedia":[{"embeddable":true,"href":"https:\/\/www.arabianssecret.com\/es\/wp-json\/wp\/v2\/media\/8699"}],"wp:attachment":[{"href":"https:\/\/www.arabianssecret.com\/es\/wp-json\/wp\/v2\/media?parent=1443"}],"wp:term":[{"taxonomy":"product_brand","embeddable":true,"href":"https:\/\/www.arabianssecret.com\/es\/wp-json\/wp\/v2\/product_brand?post=1443"},{"taxonomy":"product_cat","embeddable":true,"href":"https:\/\/www.arabianssecret.com\/es\/wp-json\/wp\/v2\/product_cat?post=1443"},{"taxonomy":"product_tag","embeddable":true,"href":"https:\/\/www.arabianssecret.com\/es\/wp-json\/wp\/v2\/product_tag?post=1443"}],"curies":[{"name":"wp","href":"https:\/\/api.w.org\/{rel}","templated":true}]}}