{"id":8748,"date":"2024-01-26T18:34:37","date_gmt":"2024-01-26T17:34:37","guid":{"rendered":"https:\/\/www.arabianssecret.com\/?post_type=product&#038;p=8748"},"modified":"2026-03-04T17:01:30","modified_gmt":"2026-03-04T15:01:30","slug":"parfum-constantine","status":"publish","type":"product","link":"https:\/\/www.arabianssecret.com\/es\/product\/constantine-parfum\/","title":{"rendered":"CONSTANTINE - Perfume"},"content":{"rendered":"","protected":false},"excerpt":{"rendered":"<p style=\"text-align: center;\"><strong>Constantino<br \/>\n<\/strong><span style=\"font-weight: 400;\">Al igual que la extra\u00f1a y tentadora fortaleza argelina, Constantine juega con los sentidos sin revelarse del todo, en un juego de sombras y luces.<\/span><\/p>\n<p style=\"text-align: center;\"><strong>Una fragancia entre el cielo y la tierra<br \/>\n<\/strong><span style=\"font-weight: 400;\">Al igual que la ciudad que la inspir\u00f3, Constantine no necesita revelar todos sus secretos: te atrapa de inmediato con su poder y su presencia \u00fanica. Lentamente libera notas c\u00edtricas y florales, dejando que los encantadores aromas del aceite de neroli cobren vida, mientras captura el fugaz momento en que el tiempo se detiene para abrazar a quienes se esfuerza por conquistar. Atractiva e intrigante, Constantine es una incre\u00edble embriaguez de fragancias, un gracioso respeto por la ciudad anclada en la roca mientras mira al cielo...<\/span><\/p>","protected":false},"featured_media":8694,"template":"","meta":{"_acf_changed":false},"product_brand":[],"product_cat":[71,76,77],"product_tag":[],"class_list":{"0":"post-8748","1":"product","2":"type-product","3":"status-publish","4":"has-post-thumbnail","6":"product_cat-unisex","7":"product_cat-white_collection","8":"product_cat-parfum","9":"wcpa_has_options","11":"first","12":"instock","13":"shipping-taxable","14":"purchasable","15":"product-type-simple"},"acf":[],"_links":{"self":[{"href":"https:\/\/www.arabianssecret.com\/es\/wp-json\/wp\/v2\/product\/8748","targetHints":{"allow":["GET"]}}],"collection":[{"href":"https:\/\/www.arabianssecret.com\/es\/wp-json\/wp\/v2\/product"}],"about":[{"href":"https:\/\/www.arabianssecret.com\/es\/wp-json\/wp\/v2\/types\/product"}],"version-history":[{"count":0,"href":"https:\/\/www.arabianssecret.com\/es\/wp-json\/wp\/v2\/product\/8748\/revisions"}],"wp:featuredmedia":[{"embeddable":true,"href":"https:\/\/www.arabianssecret.com\/es\/wp-json\/wp\/v2\/media\/8694"}],"wp:attachment":[{"href":"https:\/\/www.arabianssecret.com\/es\/wp-json\/wp\/v2\/media?parent=8748"}],"wp:term":[{"taxonomy":"product_brand","embeddable":true,"href":"https:\/\/www.arabianssecret.com\/es\/wp-json\/wp\/v2\/product_brand?post=8748"},{"taxonomy":"product_cat","embeddable":true,"href":"https:\/\/www.arabianssecret.com\/es\/wp-json\/wp\/v2\/product_cat?post=8748"},{"taxonomy":"product_tag","embeddable":true,"href":"https:\/\/www.arabianssecret.com\/es\/wp-json\/wp\/v2\/product_tag?post=8748"}],"curies":[{"name":"wp","href":"https:\/\/api.w.org\/{rel}","templated":true}]}}