{"id":1364,"date":"2019-12-08T01:57:56","date_gmt":"2019-12-08T00:57:56","guid":{"rendered":"https:\/\/www.arabianssecret.com\/?post_type=product&#038;p=1364"},"modified":"2026-03-04T17:03:34","modified_gmt":"2026-03-04T15:03:34","slug":"habibi","status":"publish","type":"product","link":"https:\/\/www.arabianssecret.com\/et\/product\/habibi\/","title":{"rendered":"HABIBI"},"content":{"rendered":"","protected":false},"excerpt":{"rendered":"<p style=\"text-align: center;\"><strong>Habibi<\/strong><br \/>\nHabibi on h\u00f5rgutav armastusavaldus, lend \u00f5rnade ja magusate l\u00f5hnadega \u00f5rnasse aeda.<br \/>\n<strong><br \/>\nAjatu armastuse aed.<br \/>\n<\/strong>Habibi on nagu lubadus, vanne, mis viib meid roosi ja jasmiini pehmete ja puudriliste nootide maailma. Selle universumi s\u00fcdames - l\u00f5pmatu armastuse kuningriigis - p\u00f5imuvad need immateriaalsed l\u00f5hna sidemed muskuse ja vanilli sensuaalse heldusega. Habibi on rikkalikkuse ja v\u00e4rskuse abielu, mida valgustavad merevaik ja apelsini\u00f5ied, ning see on ehe, mille mitmetahulised tahud peegeldavad v\u00e4simatult absoluutse armastuse olemust.<\/p>","protected":false},"featured_media":8695,"template":"","meta":{"_acf_changed":false},"product_brand":[],"product_cat":[71,76,77],"product_tag":[],"class_list":{"0":"post-1364","1":"product","2":"type-product","3":"status-publish","4":"has-post-thumbnail","6":"product_cat-unisex","7":"product_cat-white_collection","8":"product_cat-parfum","9":"wcpa_has_options","11":"first","12":"instock","13":"shipping-taxable","14":"purchasable","15":"product-type-simple"},"acf":[],"_links":{"self":[{"href":"https:\/\/www.arabianssecret.com\/et\/wp-json\/wp\/v2\/product\/1364","targetHints":{"allow":["GET"]}}],"collection":[{"href":"https:\/\/www.arabianssecret.com\/et\/wp-json\/wp\/v2\/product"}],"about":[{"href":"https:\/\/www.arabianssecret.com\/et\/wp-json\/wp\/v2\/types\/product"}],"version-history":[{"count":0,"href":"https:\/\/www.arabianssecret.com\/et\/wp-json\/wp\/v2\/product\/1364\/revisions"}],"wp:featuredmedia":[{"embeddable":true,"href":"https:\/\/www.arabianssecret.com\/et\/wp-json\/wp\/v2\/media\/8695"}],"wp:attachment":[{"href":"https:\/\/www.arabianssecret.com\/et\/wp-json\/wp\/v2\/media?parent=1364"}],"wp:term":[{"taxonomy":"product_brand","embeddable":true,"href":"https:\/\/www.arabianssecret.com\/et\/wp-json\/wp\/v2\/product_brand?post=1364"},{"taxonomy":"product_cat","embeddable":true,"href":"https:\/\/www.arabianssecret.com\/et\/wp-json\/wp\/v2\/product_cat?post=1364"},{"taxonomy":"product_tag","embeddable":true,"href":"https:\/\/www.arabianssecret.com\/et\/wp-json\/wp\/v2\/product_tag?post=1364"}],"curies":[{"name":"wp","href":"https:\/\/api.w.org\/{rel}","templated":true}]}}