{"id":1443,"date":"2019-12-12T00:13:01","date_gmt":"2019-12-11T23:13:01","guid":{"rendered":"https:\/\/www.arabianssecret.com\/?post_type=product&#038;p=1443"},"modified":"2026-03-04T17:04:23","modified_gmt":"2026-03-04T15:04:23","slug":"sahara-parl","status":"publish","type":"product","link":"https:\/\/www.arabianssecret.com\/et\/product\/sahara-pearl\/","title":{"rendered":"SAHARA PEARL"},"content":{"rendered":"","protected":false},"excerpt":{"rendered":"<p style=\"text-align: center;\"><strong>Sahara p\u00e4rl<\/strong><br \/>\nJa kui see k\u00f5ik algas k\u00f5rbe s\u00fcdames, kus taevas ja liivaluited saavad \u00fcheks... Alluge Sahara p\u00e4rli v\u00f5lusele, mis on nagu oaas t\u00e4is v\u00e4rskust, mis kannab endas kogu k\u00f5rbe j\u00f5udu ja rahulikkust.<\/p>\n<p style=\"text-align: center;\"><strong>Nagu ime k\u00f5rbe s\u00fcdames...<\/strong><br \/>\nLaske k\u00f5rbel endasse haarata, kui naudite iga tunnet... Tehke l\u00f5hnav reis Sahara l\u00f5pututele luidetele. Just siin, soojas liivas, kus k\u00f5ik algab ja l\u00f5peb, on s\u00fcndinud Sahara Pearl'i aroom. Ootamatu ja v\u00e4\u00e4rtuslik, see parf\u00fc\u00fcmi oaas muutub veriapelsini v\u00e4rske tuulega, enne kui paljastab oma s\u00fcdame \u00f5rnade lavendlinootide l\u00f5hnaga. Filigraanselt t\u00e4iendab safran seda puhast ja intensiivset merevaigunooti punase ja sensuaalse kuldiga. Reis v\u00f5ib j\u00e4tkuda...<\/p>","protected":false},"featured_media":8699,"template":"","meta":{"_acf_changed":false},"product_brand":[],"product_cat":[71,76,80],"product_tag":[],"class_list":{"0":"post-1443","1":"product","2":"type-product","3":"status-publish","4":"has-post-thumbnail","6":"product_cat-unisex","7":"product_cat-white_collection","8":"product_cat-parfum-intense","9":"wcpa_has_options","11":"first","12":"instock","13":"shipping-taxable","14":"purchasable","15":"product-type-simple"},"acf":[],"_links":{"self":[{"href":"https:\/\/www.arabianssecret.com\/et\/wp-json\/wp\/v2\/product\/1443","targetHints":{"allow":["GET"]}}],"collection":[{"href":"https:\/\/www.arabianssecret.com\/et\/wp-json\/wp\/v2\/product"}],"about":[{"href":"https:\/\/www.arabianssecret.com\/et\/wp-json\/wp\/v2\/types\/product"}],"version-history":[{"count":0,"href":"https:\/\/www.arabianssecret.com\/et\/wp-json\/wp\/v2\/product\/1443\/revisions"}],"wp:featuredmedia":[{"embeddable":true,"href":"https:\/\/www.arabianssecret.com\/et\/wp-json\/wp\/v2\/media\/8699"}],"wp:attachment":[{"href":"https:\/\/www.arabianssecret.com\/et\/wp-json\/wp\/v2\/media?parent=1443"}],"wp:term":[{"taxonomy":"product_brand","embeddable":true,"href":"https:\/\/www.arabianssecret.com\/et\/wp-json\/wp\/v2\/product_brand?post=1443"},{"taxonomy":"product_cat","embeddable":true,"href":"https:\/\/www.arabianssecret.com\/et\/wp-json\/wp\/v2\/product_cat?post=1443"},{"taxonomy":"product_tag","embeddable":true,"href":"https:\/\/www.arabianssecret.com\/et\/wp-json\/wp\/v2\/product_tag?post=1443"}],"curies":[{"name":"wp","href":"https:\/\/api.w.org\/{rel}","templated":true}]}}