{"id":1445,"date":"2019-12-12T01:42:06","date_gmt":"2019-12-12T00:42:06","guid":{"rendered":"https:\/\/www.arabianssecret.com\/?post_type=product&#038;p=1445"},"modified":"2026-03-04T17:03:16","modified_gmt":"2026-03-04T15:03:16","slug":"merevaigukollane-sinine","status":"publish","type":"product","link":"https:\/\/www.arabianssecret.com\/et\/product\/amber-blue\/","title":{"rendered":"AMBER BLUE"},"content":{"rendered":"","protected":false},"excerpt":{"rendered":"<p style=\"text-align: center;\"><strong>Merevaigukollane sinine<\/strong><br \/>\nNii nagu haruldane ja v\u00e4\u00e4rtuslik kalliskivi, mis teda inspireeris, eristub Amber Blue oma v\u00f5luva originaalsuse ja vaieldamatu elegantsi poolest. See parf\u00fc\u00fcm kehastab elu nautimise olemust k\u00fcllastamatuse ja tundlikkuse vahel.<\/p>\n<p style=\"text-align: center;\"><strong>Kire r\u00fctmis<\/strong><br \/>\nNagu argentiina tango, on Amber Blue unikaalse eluj\u00f5uga, mis kutsub esile uudishimu ja \u00fchendab \u00f5rnalt gurmee puuvilja l\u00f5hna. Elegantne kahe l\u00f5hna puudutus, mis r\u00f5hutab suurep\u00e4raselt selle s\u00fcgavat, k\u00fclluslikku ja suurejoonelist olemust... Kombineerides j\u00f5udu ja magusust, riimib Amber Blue kirge ja \u00f5rnu hetki, kui ta paljastab oma s\u00fcgavalt tundliku tuuma, mis koosneb merevaigust, muskusest ja vanillist.<\/p>","protected":false},"featured_media":8692,"template":"","meta":{"_acf_changed":false},"product_brand":[],"product_cat":[71,76,77],"product_tag":[],"class_list":{"0":"post-1445","1":"product","2":"type-product","3":"status-publish","4":"has-post-thumbnail","6":"product_cat-unisex","7":"product_cat-white_collection","8":"product_cat-parfum","9":"wcpa_has_options","11":"first","12":"instock","13":"shipping-taxable","14":"purchasable","15":"product-type-simple"},"acf":[],"_links":{"self":[{"href":"https:\/\/www.arabianssecret.com\/et\/wp-json\/wp\/v2\/product\/1445","targetHints":{"allow":["GET"]}}],"collection":[{"href":"https:\/\/www.arabianssecret.com\/et\/wp-json\/wp\/v2\/product"}],"about":[{"href":"https:\/\/www.arabianssecret.com\/et\/wp-json\/wp\/v2\/types\/product"}],"version-history":[{"count":0,"href":"https:\/\/www.arabianssecret.com\/et\/wp-json\/wp\/v2\/product\/1445\/revisions"}],"wp:featuredmedia":[{"embeddable":true,"href":"https:\/\/www.arabianssecret.com\/et\/wp-json\/wp\/v2\/media\/8692"}],"wp:attachment":[{"href":"https:\/\/www.arabianssecret.com\/et\/wp-json\/wp\/v2\/media?parent=1445"}],"wp:term":[{"taxonomy":"product_brand","embeddable":true,"href":"https:\/\/www.arabianssecret.com\/et\/wp-json\/wp\/v2\/product_brand?post=1445"},{"taxonomy":"product_cat","embeddable":true,"href":"https:\/\/www.arabianssecret.com\/et\/wp-json\/wp\/v2\/product_cat?post=1445"},{"taxonomy":"product_tag","embeddable":true,"href":"https:\/\/www.arabianssecret.com\/et\/wp-json\/wp\/v2\/product_tag?post=1445"}],"curies":[{"name":"wp","href":"https:\/\/api.w.org\/{rel}","templated":true}]}}