{"id":35,"date":"2018-01-27T12:38:33","date_gmt":"2018-01-27T11:38:33","guid":{"rendered":"http:\/\/www.arabianssecret.com\/?post_type=product&#038;p=35"},"modified":"2026-03-04T17:00:01","modified_gmt":"2026-03-04T15:00:01","slug":"ulyana","status":"publish","type":"product","link":"https:\/\/www.arabianssecret.com\/et\/product\/ulyana\/","title":{"rendered":"ULYANA"},"content":{"rendered":"","protected":false},"excerpt":{"rendered":"<p style=\"text-align: center;\"><strong>Uljana<\/strong><br \/>\nIdamaine ja lilleline Ulyana on ood igavikulisele naiselikkusele. Nagu puuviljane udu, milles segunevad Cassis ja pirn, on tema peanoodid magusaks lennuks maitsvasse aeda. See spontaanne, sensuaalsust t\u00e4is lubadus \u00f5itseb romantiliseks lillebuketiks iirise, jasmiini ja apelsini\u00f5ite vahel. Nagu salajane aed, mis on harmooniline ja k\u00fctkestav, kannab see parf\u00fc\u00fcm endas keskeltl\u00e4bi v\u00f5rgutavaid, pooleldi gruusiap\u00f5hiseid noote: vanilje, tonkauba, pralinee ja pat\u0161uli.<\/p>","protected":false},"featured_media":8770,"template":"","meta":{"_acf_changed":false},"product_brand":[],"product_cat":[71,75,79],"product_tag":[],"class_list":{"0":"post-35","1":"product","2":"type-product","3":"status-publish","4":"has-post-thumbnail","6":"product_cat-unisex","7":"product_cat-black_collection","8":"product_cat-eau-de-parfum","9":"wcpa_has_options","11":"first","12":"instock","13":"shipping-taxable","14":"purchasable","15":"product-type-simple"},"acf":[],"_links":{"self":[{"href":"https:\/\/www.arabianssecret.com\/et\/wp-json\/wp\/v2\/product\/35","targetHints":{"allow":["GET"]}}],"collection":[{"href":"https:\/\/www.arabianssecret.com\/et\/wp-json\/wp\/v2\/product"}],"about":[{"href":"https:\/\/www.arabianssecret.com\/et\/wp-json\/wp\/v2\/types\/product"}],"version-history":[{"count":0,"href":"https:\/\/www.arabianssecret.com\/et\/wp-json\/wp\/v2\/product\/35\/revisions"}],"wp:featuredmedia":[{"embeddable":true,"href":"https:\/\/www.arabianssecret.com\/et\/wp-json\/wp\/v2\/media\/8770"}],"wp:attachment":[{"href":"https:\/\/www.arabianssecret.com\/et\/wp-json\/wp\/v2\/media?parent=35"}],"wp:term":[{"taxonomy":"product_brand","embeddable":true,"href":"https:\/\/www.arabianssecret.com\/et\/wp-json\/wp\/v2\/product_brand?post=35"},{"taxonomy":"product_cat","embeddable":true,"href":"https:\/\/www.arabianssecret.com\/et\/wp-json\/wp\/v2\/product_cat?post=35"},{"taxonomy":"product_tag","embeddable":true,"href":"https:\/\/www.arabianssecret.com\/et\/wp-json\/wp\/v2\/product_tag?post=35"}],"curies":[{"name":"wp","href":"https:\/\/api.w.org\/{rel}","templated":true}]}}