{"id":11007,"date":"2025-07-31T00:18:04","date_gmt":"2025-07-30T21:18:04","guid":{"rendered":"https:\/\/www.arabianssecret.com\/?post_type=product&#038;p=11007"},"modified":"2026-03-04T17:01:17","modified_gmt":"2026-03-04T15:01:17","slug":"constantine-parfum-copy","status":"publish","type":"product","link":"https:\/\/www.arabianssecret.com\/fr\/product\/constantine-parfum-copy\/","title":{"rendered":"CONSTANTINE &#8211; Parfum (Copy)"},"content":{"rendered":"","protected":false},"excerpt":{"rendered":"<p style=\"text-align: center;\"><strong>Constantine<br \/>\n<\/strong><span style=\"font-weight: 400;\">\u00c0 l'image de l'\u00e9trange et captivante citadelle alg\u00e9rienne, Constantine attise les sens sans jamais vraiment se d\u00e9voiler, dans un jeu d'ombre et de lumi\u00e8re.<\/span><\/p>\n<p style=\"text-align: center;\"><strong>Une fragrance entre ciel et terre<br \/>\n<\/strong><span style=\"font-weight: 400;\">Tout comme la cit\u00e9 qui l'a inspir\u00e9, Constantine n'a pas besoin de livrer tous ses secrets : il fascine d'embl\u00e9e par sa force et sa pr\u00e9sence singuli\u00e8re. D\u00e9roulant tour \u00e0 tour des notes d'agrumes et de fleurs, laissant flotter des senteurs enchanteresses de N\u00e9roli, il guette l'instant fugace o\u00f9 le temps suspend son vol pour mieux faire chavirer celles et ceux qu'il souhaite conqu\u00e9rir. Subjuguant et troublant, Constantine est un d\u00e9licieux vertige aromatique, gracieux hommage \u00e0 cette cit\u00e9 ancr\u00e9e dans la roche et tourn\u00e9e vers le ciel...<\/span><\/p>","protected":false},"featured_media":8694,"template":"","meta":{"_acf_changed":false},"product_brand":[],"product_cat":[71,76,77],"product_tag":[],"class_list":{"0":"post-11007","1":"product","2":"type-product","3":"status-publish","4":"has-post-thumbnail","6":"product_cat-unisex","7":"product_cat-white_collection","8":"product_cat-parfum","9":"wcpa_has_options","11":"first","12":"instock","13":"shipping-taxable","14":"purchasable","15":"product-type-simple"},"acf":[],"_links":{"self":[{"href":"https:\/\/www.arabianssecret.com\/fr\/wp-json\/wp\/v2\/product\/11007","targetHints":{"allow":["GET"]}}],"collection":[{"href":"https:\/\/www.arabianssecret.com\/fr\/wp-json\/wp\/v2\/product"}],"about":[{"href":"https:\/\/www.arabianssecret.com\/fr\/wp-json\/wp\/v2\/types\/product"}],"version-history":[{"count":0,"href":"https:\/\/www.arabianssecret.com\/fr\/wp-json\/wp\/v2\/product\/11007\/revisions"}],"wp:featuredmedia":[{"embeddable":true,"href":"https:\/\/www.arabianssecret.com\/fr\/wp-json\/wp\/v2\/media\/8694"}],"wp:attachment":[{"href":"https:\/\/www.arabianssecret.com\/fr\/wp-json\/wp\/v2\/media?parent=11007"}],"wp:term":[{"taxonomy":"product_brand","embeddable":true,"href":"https:\/\/www.arabianssecret.com\/fr\/wp-json\/wp\/v2\/product_brand?post=11007"},{"taxonomy":"product_cat","embeddable":true,"href":"https:\/\/www.arabianssecret.com\/fr\/wp-json\/wp\/v2\/product_cat?post=11007"},{"taxonomy":"product_tag","embeddable":true,"href":"https:\/\/www.arabianssecret.com\/fr\/wp-json\/wp\/v2\/product_tag?post=11007"}],"curies":[{"name":"wp","href":"https:\/\/api.w.org\/{rel}","templated":true}]}}