{"id":1395,"date":"2019-12-08T21:26:09","date_gmt":"2019-12-08T20:26:09","guid":{"rendered":"https:\/\/www.arabianssecret.com\/?post_type=product&#038;p=1395"},"modified":"2026-03-04T17:03:26","modified_gmt":"2026-03-04T15:03:26","slug":"absolute-talisman","status":"publish","type":"product","link":"https:\/\/www.arabianssecret.com\/fr\/product\/absolute-talisman\/","title":{"rendered":"TALISMAN ABSOLU"},"content":{"rendered":"","protected":false},"excerpt":{"rendered":"<p style=\"text-align: center;\"><strong>Absolute Talisman<\/strong><br \/>\nComme une aura ensorcelante, Absolute Talisman rayonne d'un myst\u00e9rieux \u00e9clat floral. Plus qu'un parfum, un v\u00e9ritable rituel...<\/p>\n<p style=\"text-align: center;\"><strong>Absolute Talisman, la magie d'une empreinte<\/strong><br \/>\nCette fragrance mystique s'\u00e9lance en un bouquet de notes vives et fleuries avant de plonger dans les profondeurs de Bois pr\u00e9cieux venus d'Orient. Apr\u00e8s avoir lib\u00e9r\u00e9 son \u00e9lixir floral, Absolute Talisman s'\u00e9panouit dans la sombre incandescence de l'Oud, du Santal, du Benjoin, et la magie op\u00e8re...Grisant, rac\u00e9 et envo\u00fbtant, Absolute Talisman a tous les atouts pour devenir votre embl\u00e8me, votre parfum f\u00e9tiche.<\/p>","protected":false},"featured_media":8691,"template":"","meta":{"_acf_changed":false},"product_brand":[],"product_cat":[71,76,77],"product_tag":[],"class_list":{"0":"post-1395","1":"product","2":"type-product","3":"status-publish","4":"has-post-thumbnail","6":"product_cat-unisex","7":"product_cat-white_collection","8":"product_cat-parfum","9":"wcpa_has_options","11":"first","12":"instock","13":"shipping-taxable","14":"purchasable","15":"product-type-simple"},"acf":[],"_links":{"self":[{"href":"https:\/\/www.arabianssecret.com\/fr\/wp-json\/wp\/v2\/product\/1395","targetHints":{"allow":["GET"]}}],"collection":[{"href":"https:\/\/www.arabianssecret.com\/fr\/wp-json\/wp\/v2\/product"}],"about":[{"href":"https:\/\/www.arabianssecret.com\/fr\/wp-json\/wp\/v2\/types\/product"}],"version-history":[{"count":0,"href":"https:\/\/www.arabianssecret.com\/fr\/wp-json\/wp\/v2\/product\/1395\/revisions"}],"wp:featuredmedia":[{"embeddable":true,"href":"https:\/\/www.arabianssecret.com\/fr\/wp-json\/wp\/v2\/media\/8691"}],"wp:attachment":[{"href":"https:\/\/www.arabianssecret.com\/fr\/wp-json\/wp\/v2\/media?parent=1395"}],"wp:term":[{"taxonomy":"product_brand","embeddable":true,"href":"https:\/\/www.arabianssecret.com\/fr\/wp-json\/wp\/v2\/product_brand?post=1395"},{"taxonomy":"product_cat","embeddable":true,"href":"https:\/\/www.arabianssecret.com\/fr\/wp-json\/wp\/v2\/product_cat?post=1395"},{"taxonomy":"product_tag","embeddable":true,"href":"https:\/\/www.arabianssecret.com\/fr\/wp-json\/wp\/v2\/product_tag?post=1395"}],"curies":[{"name":"wp","href":"https:\/\/api.w.org\/{rel}","templated":true}]}}