{"id":1443,"date":"2019-12-12T00:13:01","date_gmt":"2019-12-11T23:13:01","guid":{"rendered":"https:\/\/www.arabianssecret.com\/?post_type=product&#038;p=1443"},"modified":"2026-03-04T17:04:23","modified_gmt":"2026-03-04T15:04:23","slug":"perle-du-sahara","status":"publish","type":"product","link":"https:\/\/www.arabianssecret.com\/fr\/product\/sahara-pearl\/","title":{"rendered":"PERLE DE SAHARA"},"content":{"rendered":"","protected":false},"excerpt":{"rendered":"<p style=\"text-align: center;\"><strong>Sahara Pearl<\/strong><br \/>\nEt si tout commen\u00e7ait au beau milieu du d\u00e9sert, o\u00f9 le ciel et les dunes de sable ne font plus qu'un... Succombez aux d\u00e9lices de Sahara Pearl, comme une oasis gorg\u00e9e de fra\u00eecheur portant en elle toute la force et la s\u00e9r\u00e9nit\u00e9 du d\u00e9sert.<\/p>\n<p style=\"text-align: center;\"><strong>Comme un miracle au coeur du d\u00e9sert<\/strong><br \/>\nLaissez le d\u00e9sert vous enlacer en savourant chaque sensation... Partez pour un voyage olfactif \u00e0 travers les dunes infinies du Sahara. C'est ici, dans ce sable chaud o\u00f9 tout commence et tout finit, qu'est n\u00e9e la fragrance Sahara Pearl. Inattendu et pr\u00e9cieux, ce parfum-oasis s'\u00e9l\u00e8ve en une fra\u00eeche bouff\u00e9e d'Orange sanguine avant de d\u00e9velopper son coeur d\u00e9licatement teint\u00e9 de notes lavand\u00e9es. En filigrane, le Safran rehausse d'un or rouge et sensuel ce floral ambr\u00e9 pur et intense. Le voyage peut continuer...<\/p>","protected":false},"featured_media":8699,"template":"","meta":{"_acf_changed":false},"product_brand":[],"product_cat":[71,76,80],"product_tag":[],"class_list":{"0":"post-1443","1":"product","2":"type-product","3":"status-publish","4":"has-post-thumbnail","6":"product_cat-unisex","7":"product_cat-white_collection","8":"product_cat-parfum-intense","9":"wcpa_has_options","11":"first","12":"instock","13":"shipping-taxable","14":"purchasable","15":"product-type-simple"},"acf":[],"_links":{"self":[{"href":"https:\/\/www.arabianssecret.com\/fr\/wp-json\/wp\/v2\/product\/1443","targetHints":{"allow":["GET"]}}],"collection":[{"href":"https:\/\/www.arabianssecret.com\/fr\/wp-json\/wp\/v2\/product"}],"about":[{"href":"https:\/\/www.arabianssecret.com\/fr\/wp-json\/wp\/v2\/types\/product"}],"version-history":[{"count":0,"href":"https:\/\/www.arabianssecret.com\/fr\/wp-json\/wp\/v2\/product\/1443\/revisions"}],"wp:featuredmedia":[{"embeddable":true,"href":"https:\/\/www.arabianssecret.com\/fr\/wp-json\/wp\/v2\/media\/8699"}],"wp:attachment":[{"href":"https:\/\/www.arabianssecret.com\/fr\/wp-json\/wp\/v2\/media?parent=1443"}],"wp:term":[{"taxonomy":"product_brand","embeddable":true,"href":"https:\/\/www.arabianssecret.com\/fr\/wp-json\/wp\/v2\/product_brand?post=1443"},{"taxonomy":"product_cat","embeddable":true,"href":"https:\/\/www.arabianssecret.com\/fr\/wp-json\/wp\/v2\/product_cat?post=1443"},{"taxonomy":"product_tag","embeddable":true,"href":"https:\/\/www.arabianssecret.com\/fr\/wp-json\/wp\/v2\/product_tag?post=1443"}],"curies":[{"name":"wp","href":"https:\/\/api.w.org\/{rel}","templated":true}]}}