{"id":1559,"date":"2020-06-04T00:19:54","date_gmt":"2020-06-03T22:19:54","guid":{"rendered":"https:\/\/www.arabianssecret.com\/?post_type=product&#038;p=1559"},"modified":"2026-03-04T17:03:05","modified_gmt":"2026-03-04T15:03:05","slug":"white-manhattan","status":"publish","type":"product","link":"https:\/\/www.arabianssecret.com\/fr\/product\/white-manhattan\/","title":{"rendered":"MANHATTAN BLANC"},"content":{"rendered":"","protected":false},"excerpt":{"rendered":"<p style=\"text-align: center;\"><strong>White Manhattan<br \/>\n<\/strong>Enivrant, effront\u00e9 et charmeur, White Manhattan occupe le devant de la sc\u00e8ne, pr\u00eat \u00e0 faire tourner toutes les t\u00eates. D\u00e9couvrez l'\u00e9l\u00e9gance de cette fragrance multi-facettes, chaude et sensuelle.<\/p>\n<p style=\"text-align: center;\"><strong>Un cocktail gourmand et s\u00e9ducteur<span style=\"font-weight: 400;\"><br \/>\n<\/span><\/strong>Si la s\u00e9duction est un jeu, White Manhattan en est l'illustration. Ma\u00eetrisant chaque arcane de cet art subtil, il attise la curiosit\u00e9 sans exc\u00e8s avec une entr\u00e9e mi-florale, mi-fruit\u00e9e pour captiver son public en douceur : le cadre est pos\u00e9. C'est alors que se r\u00e9v\u00e8lent ses notes de vanille, de musc et de Patchouli o\u00f9 se love une puissante note de cuir... Un parfum charismatique \u00e0 l'esprit citadin, vivant et vibrant.<\/p>","protected":false},"featured_media":8701,"template":"","meta":{"_acf_changed":false},"product_brand":[],"product_cat":[71,76,77],"product_tag":[],"class_list":{"0":"post-1559","1":"product","2":"type-product","3":"status-publish","4":"has-post-thumbnail","6":"product_cat-unisex","7":"product_cat-white_collection","8":"product_cat-parfum","9":"wcpa_has_options","11":"first","12":"instock","13":"shipping-taxable","14":"purchasable","15":"product-type-simple"},"acf":[],"_links":{"self":[{"href":"https:\/\/www.arabianssecret.com\/fr\/wp-json\/wp\/v2\/product\/1559","targetHints":{"allow":["GET"]}}],"collection":[{"href":"https:\/\/www.arabianssecret.com\/fr\/wp-json\/wp\/v2\/product"}],"about":[{"href":"https:\/\/www.arabianssecret.com\/fr\/wp-json\/wp\/v2\/types\/product"}],"version-history":[{"count":0,"href":"https:\/\/www.arabianssecret.com\/fr\/wp-json\/wp\/v2\/product\/1559\/revisions"}],"wp:featuredmedia":[{"embeddable":true,"href":"https:\/\/www.arabianssecret.com\/fr\/wp-json\/wp\/v2\/media\/8701"}],"wp:attachment":[{"href":"https:\/\/www.arabianssecret.com\/fr\/wp-json\/wp\/v2\/media?parent=1559"}],"wp:term":[{"taxonomy":"product_brand","embeddable":true,"href":"https:\/\/www.arabianssecret.com\/fr\/wp-json\/wp\/v2\/product_brand?post=1559"},{"taxonomy":"product_cat","embeddable":true,"href":"https:\/\/www.arabianssecret.com\/fr\/wp-json\/wp\/v2\/product_cat?post=1559"},{"taxonomy":"product_tag","embeddable":true,"href":"https:\/\/www.arabianssecret.com\/fr\/wp-json\/wp\/v2\/product_tag?post=1559"}],"curies":[{"name":"wp","href":"https:\/\/api.w.org\/{rel}","templated":true}]}}