{"id":6064,"date":"2023-01-09T15:38:38","date_gmt":"2023-01-09T14:38:38","guid":{"rendered":"https:\/\/www.arabianssecret.com\/?post_type=product&#038;p=6064"},"modified":"2026-03-04T17:02:22","modified_gmt":"2026-03-04T15:02:22","slug":"adamas-precieux","status":"publish","type":"product","link":"https:\/\/www.arabianssecret.com\/fr\/product\/precious-adamas\/","title":{"rendered":"ADAMAS PR\u00c9CIEUX"},"content":{"rendered":"","protected":false},"excerpt":{"rendered":"<p style=\"text-align: center;\"><strong>Precious Adamas<br \/>\n<\/strong><span style=\"font-weight: 400;\">Il est une heure magique, baign\u00e9e d'or et de lumi\u00e8re, o\u00f9 tout devient possible... Comme un joyau scintillant \u00e0 porter \u00e0 m\u00eame la peau, Precious Adamas cultive l'art de charmer sans ambigu\u00eft\u00e9. Une essence passionn\u00e9e, captivante, d'une \u00e9vidence absolue.<\/span><\/p>\n<p style=\"text-align: center;\"><strong>Quand la s\u00e9duction devient une seconde peau...<br \/>\n<\/strong><span style=\"font-weight: 400;\">Sensuel et envo\u00fbtant, Precious Adamas est un floral fruit\u00e9 pas comme les autres qui subjugue par sa puissance solaire. Il \u00e9graine ses notes cristallines et acidul\u00e9es avant de devenir plus torride et cr\u00e9pusculaire. Impossible de ne pas succomber devant cette fragrance qui distille subtilement sa singularit\u00e9 \u00e0 travers une magnifique plong\u00e9e au coeur de la s\u00e9duction, sur fond de C\u00e8dre, d'Ambre et de Musc...<\/span><\/p>","protected":false},"featured_media":8697,"template":"","meta":{"_acf_changed":false},"product_brand":[],"product_cat":[71,76,77],"product_tag":[],"class_list":{"0":"post-6064","1":"product","2":"type-product","3":"status-publish","4":"has-post-thumbnail","6":"product_cat-unisex","7":"product_cat-white_collection","8":"product_cat-parfum","9":"wcpa_has_options","11":"first","12":"instock","13":"shipping-taxable","14":"purchasable","15":"product-type-simple"},"acf":[],"_links":{"self":[{"href":"https:\/\/www.arabianssecret.com\/fr\/wp-json\/wp\/v2\/product\/6064","targetHints":{"allow":["GET"]}}],"collection":[{"href":"https:\/\/www.arabianssecret.com\/fr\/wp-json\/wp\/v2\/product"}],"about":[{"href":"https:\/\/www.arabianssecret.com\/fr\/wp-json\/wp\/v2\/types\/product"}],"version-history":[{"count":0,"href":"https:\/\/www.arabianssecret.com\/fr\/wp-json\/wp\/v2\/product\/6064\/revisions"}],"wp:featuredmedia":[{"embeddable":true,"href":"https:\/\/www.arabianssecret.com\/fr\/wp-json\/wp\/v2\/media\/8697"}],"wp:attachment":[{"href":"https:\/\/www.arabianssecret.com\/fr\/wp-json\/wp\/v2\/media?parent=6064"}],"wp:term":[{"taxonomy":"product_brand","embeddable":true,"href":"https:\/\/www.arabianssecret.com\/fr\/wp-json\/wp\/v2\/product_brand?post=6064"},{"taxonomy":"product_cat","embeddable":true,"href":"https:\/\/www.arabianssecret.com\/fr\/wp-json\/wp\/v2\/product_cat?post=6064"},{"taxonomy":"product_tag","embeddable":true,"href":"https:\/\/www.arabianssecret.com\/fr\/wp-json\/wp\/v2\/product_tag?post=6064"}],"curies":[{"name":"wp","href":"https:\/\/api.w.org\/{rel}","templated":true}]}}