{"id":11007,"date":"2025-07-31T00:18:04","date_gmt":"2025-07-30T21:18:04","guid":{"rendered":"https:\/\/www.arabianssecret.com\/?post_type=product&#038;p=11007"},"modified":"2026-03-04T17:01:17","modified_gmt":"2026-03-04T15:01:17","slug":"constantine-parfum-copy","status":"publish","type":"product","link":"https:\/\/www.arabianssecret.com\/hr\/product\/constantine-parfum-copy\/","title":{"rendered":"CONSTANTINE &#8211; Parfum (Copy)"},"content":{"rendered":"","protected":false},"excerpt":{"rendered":"<p style=\"text-align: center;\"><strong>Konstantin<br \/>\n<\/strong><span style=\"font-weight: 400;\">Ba\u0161 poput neobi\u010dne i primamljive al\u017eirske tvr\u0111ave, Konstantin se igra osjetilima bez da se u potpunosti otkriva, u igri sjena i svjetla.<\/span><\/p>\n<p style=\"text-align: center;\"><strong>Miris izme\u0111u neba i zemlje<br \/>\n<\/strong><span style=\"font-weight: 400;\">Ba\u0161 kao i grad koji ga je inspirirao, Constantine ne mora otkrivati sve svoje tajne: odmah vas osvaja svojom snagom i jedinstvenom prisutno\u0161\u0107u. Polako osloba\u0111a citrusne i cvjetne note, dopu\u0161taju\u0107i o\u010daravaju\u0107im mirisima neroli ulja da o\u017eive, dok hvata prolazni trenutak kada do\u0111e vrijeme da se zagrli oni koje nastoji osvojiti. Uvjerljiv i intrigantan, Constantine je nevjerojatna opijenost mirisima, graciozno po\u0161tovanje prema gradu usidrenom u stijeni okrenutom prema nebu\u2026<\/span><\/p>","protected":false},"featured_media":8694,"template":"","meta":{"_acf_changed":false},"product_brand":[],"product_cat":[71,76,77],"product_tag":[],"class_list":{"0":"post-11007","1":"product","2":"type-product","3":"status-publish","4":"has-post-thumbnail","6":"product_cat-unisex","7":"product_cat-white_collection","8":"product_cat-parfum","9":"wcpa_has_options","11":"first","12":"instock","13":"shipping-taxable","14":"purchasable","15":"product-type-simple"},"acf":[],"_links":{"self":[{"href":"https:\/\/www.arabianssecret.com\/hr\/wp-json\/wp\/v2\/product\/11007","targetHints":{"allow":["GET"]}}],"collection":[{"href":"https:\/\/www.arabianssecret.com\/hr\/wp-json\/wp\/v2\/product"}],"about":[{"href":"https:\/\/www.arabianssecret.com\/hr\/wp-json\/wp\/v2\/types\/product"}],"version-history":[{"count":0,"href":"https:\/\/www.arabianssecret.com\/hr\/wp-json\/wp\/v2\/product\/11007\/revisions"}],"wp:featuredmedia":[{"embeddable":true,"href":"https:\/\/www.arabianssecret.com\/hr\/wp-json\/wp\/v2\/media\/8694"}],"wp:attachment":[{"href":"https:\/\/www.arabianssecret.com\/hr\/wp-json\/wp\/v2\/media?parent=11007"}],"wp:term":[{"taxonomy":"product_brand","embeddable":true,"href":"https:\/\/www.arabianssecret.com\/hr\/wp-json\/wp\/v2\/product_brand?post=11007"},{"taxonomy":"product_cat","embeddable":true,"href":"https:\/\/www.arabianssecret.com\/hr\/wp-json\/wp\/v2\/product_cat?post=11007"},{"taxonomy":"product_tag","embeddable":true,"href":"https:\/\/www.arabianssecret.com\/hr\/wp-json\/wp\/v2\/product_tag?post=11007"}],"curies":[{"name":"radni list","href":"https:\/\/api.w.org\/{rel}","templated":true}]}}