{"id":1443,"date":"2019-12-12T00:13:01","date_gmt":"2019-12-11T23:13:01","guid":{"rendered":"https:\/\/www.arabianssecret.com\/?post_type=product&#038;p=1443"},"modified":"2026-03-04T17:04:23","modified_gmt":"2026-03-04T15:04:23","slug":"saharski-biser","status":"publish","type":"product","link":"https:\/\/www.arabianssecret.com\/hr\/product\/sahara-pearl\/","title":{"rendered":"SAHARSKI BISER"},"content":{"rendered":"","protected":false},"excerpt":{"rendered":"<p style=\"text-align: center;\"><strong>Saharski biser<\/strong><br \/>\nI kao da je sve po\u010delo u srcu pustinje gdje se nebo i pje\u0161\u010dane dine stapaju u jedno... Prepustite se \u010darima Sahara Pearla, poput oaze pune svje\u017eine koja u sebi nosi svu snagu i spokoj pustinje.<\/p>\n<p style=\"text-align: center;\"><strong>Kao \u010dudo u srcu pustinje<\/strong><br \/>\nNeka vas pustinja obuzme dok u\u017eivate u svakom osje\u0107aju... Krenite na mirisno putovanje beskrajnim dinama Sahare. Upravo ovdje, u toplom pijesku gdje sve po\u010dinje i zavr\u0161ava, ro\u0111en je miris Sahara Pearla. Neo\u010dekivan i dragocjen, ova oaza parfema pretvara se u svje\u017ei povjetarac crvene naran\u010de prije nego \u0161to otkrije svoje srce nje\u017enim mirisom nota lavande. U filigranu, \u0161afran poja\u010dava ovu \u010distu i intenzivnu notu jantara crvenim i senzualnim zlatom. Putovanje se mo\u017ee nastaviti...<\/p>","protected":false},"featured_media":8699,"template":"","meta":{"_acf_changed":false},"product_brand":[],"product_cat":[71,76,80],"product_tag":[],"class_list":{"0":"post-1443","1":"product","2":"type-product","3":"status-publish","4":"has-post-thumbnail","6":"product_cat-unisex","7":"product_cat-white_collection","8":"product_cat-parfum-intense","9":"wcpa_has_options","11":"first","12":"instock","13":"shipping-taxable","14":"purchasable","15":"product-type-simple"},"acf":[],"_links":{"self":[{"href":"https:\/\/www.arabianssecret.com\/hr\/wp-json\/wp\/v2\/product\/1443","targetHints":{"allow":["GET"]}}],"collection":[{"href":"https:\/\/www.arabianssecret.com\/hr\/wp-json\/wp\/v2\/product"}],"about":[{"href":"https:\/\/www.arabianssecret.com\/hr\/wp-json\/wp\/v2\/types\/product"}],"version-history":[{"count":0,"href":"https:\/\/www.arabianssecret.com\/hr\/wp-json\/wp\/v2\/product\/1443\/revisions"}],"wp:featuredmedia":[{"embeddable":true,"href":"https:\/\/www.arabianssecret.com\/hr\/wp-json\/wp\/v2\/media\/8699"}],"wp:attachment":[{"href":"https:\/\/www.arabianssecret.com\/hr\/wp-json\/wp\/v2\/media?parent=1443"}],"wp:term":[{"taxonomy":"product_brand","embeddable":true,"href":"https:\/\/www.arabianssecret.com\/hr\/wp-json\/wp\/v2\/product_brand?post=1443"},{"taxonomy":"product_cat","embeddable":true,"href":"https:\/\/www.arabianssecret.com\/hr\/wp-json\/wp\/v2\/product_cat?post=1443"},{"taxonomy":"product_tag","embeddable":true,"href":"https:\/\/www.arabianssecret.com\/hr\/wp-json\/wp\/v2\/product_tag?post=1443"}],"curies":[{"name":"radni list","href":"https:\/\/api.w.org\/{rel}","templated":true}]}}