{"id":1559,"date":"2020-06-04T00:19:54","date_gmt":"2020-06-03T22:19:54","guid":{"rendered":"https:\/\/www.arabianssecret.com\/?post_type=product&#038;p=1559"},"modified":"2026-03-04T17:03:05","modified_gmt":"2026-03-04T15:03:05","slug":"bijeli-manhattan","status":"publish","type":"product","link":"https:\/\/www.arabianssecret.com\/hr\/product\/white-manhattan\/","title":{"rendered":"BIJELI MANHATTAN"},"content":{"rendered":"","protected":false},"excerpt":{"rendered":"<p style=\"text-align: center;\"><strong>Bijeli Manhattan<br \/>\n<\/strong>O\u010daravaju\u0107i, drzak i koketan, White Manhattan zauzima sredi\u0161nju pozornicu, spreman privu\u0107i sve poglede. Otkrijte eleganciju ovog vi\u0161estrukog, toplog i senzualnog mirisa.<\/p>\n<p style=\"text-align: center;\"><strong>Mirisni koktel koji mami i zavodi.<span style=\"font-weight: 400;\"><br \/>\n<\/span><\/strong>Ako je zavo\u0111enje igra, White Manhattan je ilustracija. Savladavaju\u0107i svaku arkanu ove suptilne umjetnosti, on pobu\u0111uje znati\u017eelju svojim polucvjetnim, poluvo\u0107nim notama i nje\u017eno osvaja publiku: okvir je postavljen. I tako se postupno otkrivaju note vanilije, mo\u0161usa i pa\u010dulija, isprepletene sna\u017enom notom ko\u017ee... Karizmati\u010dan miris s urbanim duhom, \u017eivahan i vibrantan.<\/p>","protected":false},"featured_media":8701,"template":"","meta":{"_acf_changed":false},"product_brand":[],"product_cat":[71,76,77],"product_tag":[],"class_list":{"0":"post-1559","1":"product","2":"type-product","3":"status-publish","4":"has-post-thumbnail","6":"product_cat-unisex","7":"product_cat-white_collection","8":"product_cat-parfum","9":"wcpa_has_options","11":"first","12":"instock","13":"shipping-taxable","14":"purchasable","15":"product-type-simple"},"acf":[],"_links":{"self":[{"href":"https:\/\/www.arabianssecret.com\/hr\/wp-json\/wp\/v2\/product\/1559","targetHints":{"allow":["GET"]}}],"collection":[{"href":"https:\/\/www.arabianssecret.com\/hr\/wp-json\/wp\/v2\/product"}],"about":[{"href":"https:\/\/www.arabianssecret.com\/hr\/wp-json\/wp\/v2\/types\/product"}],"version-history":[{"count":0,"href":"https:\/\/www.arabianssecret.com\/hr\/wp-json\/wp\/v2\/product\/1559\/revisions"}],"wp:featuredmedia":[{"embeddable":true,"href":"https:\/\/www.arabianssecret.com\/hr\/wp-json\/wp\/v2\/media\/8701"}],"wp:attachment":[{"href":"https:\/\/www.arabianssecret.com\/hr\/wp-json\/wp\/v2\/media?parent=1559"}],"wp:term":[{"taxonomy":"product_brand","embeddable":true,"href":"https:\/\/www.arabianssecret.com\/hr\/wp-json\/wp\/v2\/product_brand?post=1559"},{"taxonomy":"product_cat","embeddable":true,"href":"https:\/\/www.arabianssecret.com\/hr\/wp-json\/wp\/v2\/product_cat?post=1559"},{"taxonomy":"product_tag","embeddable":true,"href":"https:\/\/www.arabianssecret.com\/hr\/wp-json\/wp\/v2\/product_tag?post=1559"}],"curies":[{"name":"radni list","href":"https:\/\/api.w.org\/{rel}","templated":true}]}}