{"id":43,"date":"2018-01-27T12:47:11","date_gmt":"2018-01-27T11:47:11","guid":{"rendered":"http:\/\/www.arabianssecret.com\/?post_type=product&#038;p=43"},"modified":"2026-03-04T16:56:40","modified_gmt":"2026-03-04T14:56:40","slug":"nuit-orientale","status":"publish","type":"product","link":"https:\/\/www.arabianssecret.com\/hr\/product\/nuit-orientale\/","title":{"rendered":"ORIJENTALNA NO\u0106"},"content":{"rendered":"<p style=\"text-align: center;\">Entre l&#8217;ombre et la lumi\u00e8re, Nuit orientale se fait voile de myst\u00e8re sur votre peau. Comme un \u00e9lixir vibrant et t\u00e9n\u00e9breux, ce parfum mixte \u00e9graine de chaleureuses notes \u00e9pic\u00e9es de Safran d\u00e8s ses notes de t\u00eate. Cette entr\u00e9e en mati\u00e8re cors\u00e9e offre la surprise de laisser \u00e9chapper un c\u0153ur sensuel et floral d&#8217;une douceur inattendue. De ce suave et g\u00e9n\u00e9reux bouquet m\u00ealant Rose et Patchouli \u00e9merge la trame d&#8217;une force incandescente, presque animale, \u00e0 travers l&#8217;Ambre gris, m\u00eal\u00e9 au raffinement sauvage de notes de Bois sombres.<\/p>","protected":false},"excerpt":{"rendered":"<p style=\"text-align: center;\"><strong>Nuit orientale<\/strong><br \/>\nBetween the shade and the light, Oriental Night is a veil of mystery on your skin. Like a vibrating, dark elixir, this combination scent delivers warm, spicy notes of Saffron from its top notes. This full-bodied entry offers the surprise of letting out a sensual and floral heart of unexpected sweetness. From this sweet and generous bouquet mixing Rose and Patchouli emerges the woof of an incandescent, almost animal force, through the gray Amber, mixed with the wild refinement of dark wood notes.<\/p>","protected":false},"featured_media":8766,"template":"","meta":{"_acf_changed":false},"product_brand":[],"product_cat":[71,75,78],"product_tag":[],"class_list":{"0":"post-43","1":"product","2":"type-product","3":"status-publish","4":"has-post-thumbnail","6":"product_cat-unisex","7":"product_cat-black_collection","8":"product_cat-eau-de-toilette","9":"wcpa_has_options","11":"first","12":"instock","13":"shipping-taxable","14":"purchasable","15":"product-type-simple"},"acf":[],"_links":{"self":[{"href":"https:\/\/www.arabianssecret.com\/hr\/wp-json\/wp\/v2\/product\/43","targetHints":{"allow":["GET"]}}],"collection":[{"href":"https:\/\/www.arabianssecret.com\/hr\/wp-json\/wp\/v2\/product"}],"about":[{"href":"https:\/\/www.arabianssecret.com\/hr\/wp-json\/wp\/v2\/types\/product"}],"version-history":[{"count":0,"href":"https:\/\/www.arabianssecret.com\/hr\/wp-json\/wp\/v2\/product\/43\/revisions"}],"wp:featuredmedia":[{"embeddable":true,"href":"https:\/\/www.arabianssecret.com\/hr\/wp-json\/wp\/v2\/media\/8766"}],"wp:attachment":[{"href":"https:\/\/www.arabianssecret.com\/hr\/wp-json\/wp\/v2\/media?parent=43"}],"wp:term":[{"taxonomy":"product_brand","embeddable":true,"href":"https:\/\/www.arabianssecret.com\/hr\/wp-json\/wp\/v2\/product_brand?post=43"},{"taxonomy":"product_cat","embeddable":true,"href":"https:\/\/www.arabianssecret.com\/hr\/wp-json\/wp\/v2\/product_cat?post=43"},{"taxonomy":"product_tag","embeddable":true,"href":"https:\/\/www.arabianssecret.com\/hr\/wp-json\/wp\/v2\/product_tag?post=43"}],"curies":[{"name":"radni list","href":"https:\/\/api.w.org\/{rel}","templated":true}]}}