{"id":5546,"date":"2022-08-14T15:18:55","date_gmt":"2022-08-14T13:18:55","guid":{"rendered":"https:\/\/www.arabianssecret.com\/?post_type=product&#038;p=5546"},"modified":"2026-03-04T17:02:31","modified_gmt":"2026-03-04T15:02:31","slug":"ljetni-vetiver","status":"publish","type":"product","link":"https:\/\/www.arabianssecret.com\/hr\/product\/summer-vetiver\/","title":{"rendered":"LJETNI VETIVER"},"content":{"rendered":"","protected":false},"excerpt":{"rendered":"<p style=\"text-align: center;\"><strong>Ljetni vetiver<br \/>\n<\/strong><span style=\"font-weight: 400;\">U ljetnoj vru\u0107ini, zaronite u vrtlog cvjetne svje\u017eine prije nego \u0161to se prepustite drvenastoj eleganciji vetivera\u2026<\/span><\/p>\n<p style=\"text-align: center;\"><strong>Razigrani, sun\u010dani\u2026 neodoljivi vetiver<\/strong><br \/>\n<span style=\"font-weight: 400;\">Iznimno moderan, Summer Vetiver donosi notu sun\u010danih vrtloga, nagla\u0161enu laganom blago\u0161\u0107u mje\u0161avine cvije\u0107a. Ljubi\u010dice, jasmin i ciklama umiruju neodoljivu \u017eelju citrusnog vo\u0107a, a istovremeno \u010duvaju harmoniju ove uzvi\u0161ene sun\u010deve zrake. Filigranski, vetiver name\u0107e svoju klasi\u010dnu i slo\u017eenu eleganciju u kombinaciji sa senzualnim notama ambera i mo\u0161usa. Summer Vetiver je elegantan i moderan miris koji vas mami da u\u017eivate u dugim ljetnim danima bez brige za pro\u0161lim vremenom... Parfem sre\u0107e kojim dominiraju note vetivera s odlu\u010dnim i modernim duhom.<\/span><\/p>","protected":false},"featured_media":8700,"template":"","meta":{"_acf_changed":false},"product_brand":[],"product_cat":[71,76,77],"product_tag":[],"class_list":{"0":"post-5546","1":"product","2":"type-product","3":"status-publish","4":"has-post-thumbnail","6":"product_cat-unisex","7":"product_cat-white_collection","8":"product_cat-parfum","9":"wcpa_has_options","11":"first","12":"instock","13":"shipping-taxable","14":"purchasable","15":"product-type-simple"},"acf":[],"_links":{"self":[{"href":"https:\/\/www.arabianssecret.com\/hr\/wp-json\/wp\/v2\/product\/5546","targetHints":{"allow":["GET"]}}],"collection":[{"href":"https:\/\/www.arabianssecret.com\/hr\/wp-json\/wp\/v2\/product"}],"about":[{"href":"https:\/\/www.arabianssecret.com\/hr\/wp-json\/wp\/v2\/types\/product"}],"version-history":[{"count":0,"href":"https:\/\/www.arabianssecret.com\/hr\/wp-json\/wp\/v2\/product\/5546\/revisions"}],"wp:featuredmedia":[{"embeddable":true,"href":"https:\/\/www.arabianssecret.com\/hr\/wp-json\/wp\/v2\/media\/8700"}],"wp:attachment":[{"href":"https:\/\/www.arabianssecret.com\/hr\/wp-json\/wp\/v2\/media?parent=5546"}],"wp:term":[{"taxonomy":"product_brand","embeddable":true,"href":"https:\/\/www.arabianssecret.com\/hr\/wp-json\/wp\/v2\/product_brand?post=5546"},{"taxonomy":"product_cat","embeddable":true,"href":"https:\/\/www.arabianssecret.com\/hr\/wp-json\/wp\/v2\/product_cat?post=5546"},{"taxonomy":"product_tag","embeddable":true,"href":"https:\/\/www.arabianssecret.com\/hr\/wp-json\/wp\/v2\/product_tag?post=5546"}],"curies":[{"name":"radni list","href":"https:\/\/api.w.org\/{rel}","templated":true}]}}