{"id":6064,"date":"2023-01-09T15:38:38","date_gmt":"2023-01-09T14:38:38","guid":{"rendered":"https:\/\/www.arabianssecret.com\/?post_type=product&#038;p=6064"},"modified":"2026-03-04T17:02:22","modified_gmt":"2026-03-04T15:02:22","slug":"prezioso-adamas","status":"publish","type":"product","link":"https:\/\/www.arabianssecret.com\/it\/product\/precious-adamas\/","title":{"rendered":"PREZIOSO ADAMAS"},"content":{"rendered":"","protected":false},"excerpt":{"rendered":"<p style=\"text-align: center;\"><strong>Precious Adamas<br \/>\n<\/strong><span style=\"font-weight: 400;\">\u00c8 un'ora magica, immersa nell'oro e nella luce, dove tutto \u00e8 possibile... Proprio come un gioiello splendente indossato sulla pelle, Precious Adamas padroneggia l'arte di sedurre senza ambiguit\u00e0. Un'essenza appassionata e irresistibile, assolutamente evidente.<\/span><\/p>\n<p style=\"text-align: center;\"><strong>Quando la seduzione diventa una seconda pelle...<br \/>\n<\/strong><span style=\"font-weight: 400;\">Sensuale e ammaliante, Precious Adamas \u00e8 una fragranza fruttata e floreale, diversa dalle altre, che conquista con la sua forza solare. Brilla con le sue note cristalline e amare, prima di diventare pi\u00f9 passionale e oscura. Non si pu\u00f2 resistere a questa fragranza che rivela ad arte la sua individualit\u00e0 attraverso un'immersione incandescente nel cuore della seduzione a base di cedro, ambra e muschio...<\/span><\/p>","protected":false},"featured_media":8697,"template":"","meta":{"_acf_changed":false},"product_brand":[],"product_cat":[71,76,77],"product_tag":[],"class_list":{"0":"post-6064","1":"product","2":"type-product","3":"status-publish","4":"has-post-thumbnail","6":"product_cat-unisex","7":"product_cat-white_collection","8":"product_cat-parfum","9":"wcpa_has_options","11":"first","12":"instock","13":"shipping-taxable","14":"purchasable","15":"product-type-simple"},"acf":[],"_links":{"self":[{"href":"https:\/\/www.arabianssecret.com\/it\/wp-json\/wp\/v2\/product\/6064","targetHints":{"allow":["GET"]}}],"collection":[{"href":"https:\/\/www.arabianssecret.com\/it\/wp-json\/wp\/v2\/product"}],"about":[{"href":"https:\/\/www.arabianssecret.com\/it\/wp-json\/wp\/v2\/types\/product"}],"version-history":[{"count":0,"href":"https:\/\/www.arabianssecret.com\/it\/wp-json\/wp\/v2\/product\/6064\/revisions"}],"wp:featuredmedia":[{"embeddable":true,"href":"https:\/\/www.arabianssecret.com\/it\/wp-json\/wp\/v2\/media\/8697"}],"wp:attachment":[{"href":"https:\/\/www.arabianssecret.com\/it\/wp-json\/wp\/v2\/media?parent=6064"}],"wp:term":[{"taxonomy":"product_brand","embeddable":true,"href":"https:\/\/www.arabianssecret.com\/it\/wp-json\/wp\/v2\/product_brand?post=6064"},{"taxonomy":"product_cat","embeddable":true,"href":"https:\/\/www.arabianssecret.com\/it\/wp-json\/wp\/v2\/product_cat?post=6064"},{"taxonomy":"product_tag","embeddable":true,"href":"https:\/\/www.arabianssecret.com\/it\/wp-json\/wp\/v2\/product_tag?post=6064"}],"curies":[{"name":"wp","href":"https:\/\/api.w.org\/{rel}","templated":true}]}}