{"id":1377,"date":"2019-12-08T17:55:12","date_gmt":"2019-12-08T16:55:12","guid":{"rendered":"https:\/\/www.arabianssecret.com\/?post_type=product&#038;p=1377"},"modified":"2026-03-04T16:56:14","modified_gmt":"2026-03-04T14:56:14","slug":"konstantin","status":"publish","type":"product","link":"https:\/\/www.arabianssecret.com\/nb\/product\/constantine\/","title":{"rendered":"KONSTANTIN"},"content":{"rendered":"","protected":false},"excerpt":{"rendered":"<p style=\"text-align: center;\"><strong>Konstantin<br \/>\n<\/strong><span style=\"font-weight: 400;\">Akkurat som den underlige og forlokkende algeriske festningen leker Constantine med sansene uten helt \u00e5 avsl\u00f8re seg, i et spill av skygger og lys.<\/span><\/p>\n<p style=\"text-align: center;\"><strong>En duft mellom himmel og jord<br \/>\n<\/strong><span style=\"font-weight: 400;\">Akkurat som byen den er inspirert av, trenger ikke Constantine \u00e5 avsl\u00f8re alle sine hemmeligheter: den tar deg umiddelbart med sin kraft og unike tilstedev\u00e6relse. Den frigj\u00f8r sakte sitrus- og blomsternoter, og lar de fortryllende duftene av neroliolje komme til live, mens den fanger det flyktige \u00f8yeblikket n\u00e5r tiden st\u00e5r stille for \u00e5 omfavne dem den fors\u00f8ker \u00e5 erobre. Constantine er en overbevisende og spennende duftrus, en n\u00e5dig respekt for byen som er forankret i fjellet mens den vender seg mot himmelen...<\/span><\/p>","protected":false},"featured_media":4112,"template":"","meta":{"_acf_changed":false},"product_brand":[],"product_cat":[71,76,78],"product_tag":[],"class_list":{"0":"post-1377","1":"product","2":"type-product","3":"status-publish","4":"has-post-thumbnail","6":"product_cat-unisex","7":"product_cat-white_collection","8":"product_cat-eau-de-toilette","9":"wcpa_has_options","11":"first","12":"instock","13":"shipping-taxable","14":"purchasable","15":"product-type-simple"},"acf":[],"_links":{"self":[{"href":"https:\/\/www.arabianssecret.com\/nb\/wp-json\/wp\/v2\/product\/1377","targetHints":{"allow":["GET"]}}],"collection":[{"href":"https:\/\/www.arabianssecret.com\/nb\/wp-json\/wp\/v2\/product"}],"about":[{"href":"https:\/\/www.arabianssecret.com\/nb\/wp-json\/wp\/v2\/types\/product"}],"version-history":[{"count":0,"href":"https:\/\/www.arabianssecret.com\/nb\/wp-json\/wp\/v2\/product\/1377\/revisions"}],"wp:featuredmedia":[{"embeddable":true,"href":"https:\/\/www.arabianssecret.com\/nb\/wp-json\/wp\/v2\/media\/4112"}],"wp:attachment":[{"href":"https:\/\/www.arabianssecret.com\/nb\/wp-json\/wp\/v2\/media?parent=1377"}],"wp:term":[{"taxonomy":"product_brand","embeddable":true,"href":"https:\/\/www.arabianssecret.com\/nb\/wp-json\/wp\/v2\/product_brand?post=1377"},{"taxonomy":"product_cat","embeddable":true,"href":"https:\/\/www.arabianssecret.com\/nb\/wp-json\/wp\/v2\/product_cat?post=1377"},{"taxonomy":"product_tag","embeddable":true,"href":"https:\/\/www.arabianssecret.com\/nb\/wp-json\/wp\/v2\/product_tag?post=1377"}],"curies":[{"name":"wp","href":"https:\/\/api.w.org\/{rel}","templated":true}]}}