{"id":1364,"date":"2019-12-08T01:57:56","date_gmt":"2019-12-08T00:57:56","guid":{"rendered":"https:\/\/www.arabianssecret.com\/?post_type=product&#038;p=1364"},"modified":"2026-03-04T17:03:34","modified_gmt":"2026-03-04T15:03:34","slug":"habibi","status":"publish","type":"product","link":"https:\/\/www.arabianssecret.com\/pl\/product\/habibi\/","title":{"rendered":"HABIBI"},"content":{"rendered":"","protected":false},"excerpt":{"rendered":"<p style=\"text-align: center;\"><strong>Habibi<\/strong><br \/>\nHabibi to pe\u0142na delikatno\u015bci deklaracja mi\u0142o\u015bci, ucieczka do delikatnego ogrodu o \u0142agodnych i s\u0142odkich zapachach.<br \/>\n<strong><br \/>\nPonadczasowy ogr\u00f3d mi\u0142o\u015bci.<br \/>\n<\/strong>Habibi jest jak obietnica, przysi\u0119ga, kt\u00f3ra wprowadza nas w \u015bwiat mi\u0119kkich i pudrowych nut r\u00f3\u017cy i ja\u015bminu. W sercu tego wszech\u015bwiata - kr\u00f3lestwa niesko\u0144czonej mi\u0142o\u015bci, te nieuchwytne wi\u0119zi zapachowe przeplataj\u0105 si\u0119 ze zmys\u0142ow\u0105 hojno\u015bci\u0105 pi\u017cma i wanilii. Po\u0142\u0105czenie bogactwa i \u015bwie\u017co\u015bci, roz\u015bwietlone bursztynem i kwiatem pomara\u0144czy, Habibi to klejnot, kt\u00f3rego wiele aspekt\u00f3w niestrudzenie odzwierciedla istot\u0119 absolutnej mi\u0142o\u015bci.<\/p>","protected":false},"featured_media":8695,"template":"","meta":{"_acf_changed":false},"product_brand":[],"product_cat":[71,76,77],"product_tag":[],"class_list":{"0":"post-1364","1":"product","2":"type-product","3":"status-publish","4":"has-post-thumbnail","6":"product_cat-unisex","7":"product_cat-white_collection","8":"product_cat-parfum","9":"wcpa_has_options","11":"first","12":"instock","13":"shipping-taxable","14":"purchasable","15":"product-type-simple"},"acf":[],"_links":{"self":[{"href":"https:\/\/www.arabianssecret.com\/pl\/wp-json\/wp\/v2\/product\/1364","targetHints":{"allow":["GET"]}}],"collection":[{"href":"https:\/\/www.arabianssecret.com\/pl\/wp-json\/wp\/v2\/product"}],"about":[{"href":"https:\/\/www.arabianssecret.com\/pl\/wp-json\/wp\/v2\/types\/product"}],"version-history":[{"count":0,"href":"https:\/\/www.arabianssecret.com\/pl\/wp-json\/wp\/v2\/product\/1364\/revisions"}],"wp:featuredmedia":[{"embeddable":true,"href":"https:\/\/www.arabianssecret.com\/pl\/wp-json\/wp\/v2\/media\/8695"}],"wp:attachment":[{"href":"https:\/\/www.arabianssecret.com\/pl\/wp-json\/wp\/v2\/media?parent=1364"}],"wp:term":[{"taxonomy":"product_brand","embeddable":true,"href":"https:\/\/www.arabianssecret.com\/pl\/wp-json\/wp\/v2\/product_brand?post=1364"},{"taxonomy":"product_cat","embeddable":true,"href":"https:\/\/www.arabianssecret.com\/pl\/wp-json\/wp\/v2\/product_cat?post=1364"},{"taxonomy":"product_tag","embeddable":true,"href":"https:\/\/www.arabianssecret.com\/pl\/wp-json\/wp\/v2\/product_tag?post=1364"}],"curies":[{"name":"wp","href":"https:\/\/api.w.org\/{rel}","templated":true}]}}