{"id":1559,"date":"2020-06-04T00:19:54","date_gmt":"2020-06-03T22:19:54","guid":{"rendered":"https:\/\/www.arabianssecret.com\/?post_type=product&#038;p=1559"},"modified":"2026-03-04T17:03:05","modified_gmt":"2026-03-04T15:03:05","slug":"bialy-manhattan","status":"publish","type":"product","link":"https:\/\/www.arabianssecret.com\/pl\/product\/white-manhattan\/","title":{"rendered":"BIA\u0141Y MANHATTAN"},"content":{"rendered":"","protected":false},"excerpt":{"rendered":"<p style=\"text-align: center;\"><strong>Bia\u0142y Manhattan<br \/>\n<\/strong>White Manhattan to odurzaj\u0105ce, odwa\u017cne i uwodzicielskie perfumy, kt\u00f3re wyr\u00f3\u017cniaj\u0105 si\u0119 i przyprawiaj\u0105 o zawr\u00f3t g\u0142owy. Odkryj elegancj\u0119 tego wielowarstwowego, ciep\u0142ego i zmys\u0142owego zapachu.<\/p>\n<p style=\"text-align: center;\"><strong>Koktajl aromat\u00f3w, kt\u00f3ry kusi i uwodzi.<span style=\"font-weight: 400;\"><br \/>\n<\/span><\/strong>Je\u015bli uwodzenie jest gr\u0105, White Manhattan jest w niej twoj\u0105 najsilniejsz\u0105 broni\u0105.\nPanuje ka\u017cdy sekret tej sztuki, wzbudzaj\u0105c zaciekawienie p\u00f3\u0142-kwiatoweymi i p\u00f3\u0142owocowymi niuansami, i delikatnie urzeka ka\u017cdego widza: pocz\u0105tek jest ustalony. I tak stopniowo zaczynaj\u0105 si\u0119 ujawnia\u0107 delikatne nuty wanilii, pi\u017cma i paczuli, w kt\u00f3rych przeplata si\u0119 mocny aromat sk\u00f3ry. Charyzmatyczne perfumy o miejskim, energetycznym i zmys\u0142owym wygl\u0105dzie.<\/p>","protected":false},"featured_media":8701,"template":"","meta":{"_acf_changed":false},"product_brand":[],"product_cat":[71,76,77],"product_tag":[],"class_list":{"0":"post-1559","1":"product","2":"type-product","3":"status-publish","4":"has-post-thumbnail","6":"product_cat-unisex","7":"product_cat-white_collection","8":"product_cat-parfum","9":"wcpa_has_options","11":"first","12":"instock","13":"shipping-taxable","14":"purchasable","15":"product-type-simple"},"acf":[],"_links":{"self":[{"href":"https:\/\/www.arabianssecret.com\/pl\/wp-json\/wp\/v2\/product\/1559","targetHints":{"allow":["GET"]}}],"collection":[{"href":"https:\/\/www.arabianssecret.com\/pl\/wp-json\/wp\/v2\/product"}],"about":[{"href":"https:\/\/www.arabianssecret.com\/pl\/wp-json\/wp\/v2\/types\/product"}],"version-history":[{"count":0,"href":"https:\/\/www.arabianssecret.com\/pl\/wp-json\/wp\/v2\/product\/1559\/revisions"}],"wp:featuredmedia":[{"embeddable":true,"href":"https:\/\/www.arabianssecret.com\/pl\/wp-json\/wp\/v2\/media\/8701"}],"wp:attachment":[{"href":"https:\/\/www.arabianssecret.com\/pl\/wp-json\/wp\/v2\/media?parent=1559"}],"wp:term":[{"taxonomy":"product_brand","embeddable":true,"href":"https:\/\/www.arabianssecret.com\/pl\/wp-json\/wp\/v2\/product_brand?post=1559"},{"taxonomy":"product_cat","embeddable":true,"href":"https:\/\/www.arabianssecret.com\/pl\/wp-json\/wp\/v2\/product_cat?post=1559"},{"taxonomy":"product_tag","embeddable":true,"href":"https:\/\/www.arabianssecret.com\/pl\/wp-json\/wp\/v2\/product_tag?post=1559"}],"curies":[{"name":"wp","href":"https:\/\/api.w.org\/{rel}","templated":true}]}}