{"id":35,"date":"2018-01-27T12:38:33","date_gmt":"2018-01-27T11:38:33","guid":{"rendered":"http:\/\/www.arabianssecret.com\/?post_type=product&#038;p=35"},"modified":"2026-03-04T17:00:01","modified_gmt":"2026-03-04T15:00:01","slug":"ulyana","status":"publish","type":"product","link":"https:\/\/www.arabianssecret.com\/pl\/product\/ulyana\/","title":{"rendered":"ULYANA"},"content":{"rendered":"","protected":false},"excerpt":{"rendered":"<p style=\"text-align: center;\"><strong>Ulyana<\/strong><br \/>\nOrientalny i kwiatowy, Ulyana jest od\u0105 do wiecznej kobieco\u015bci. Niczym owocowa mgie\u0142ka mieszaj\u0105ca Cassis i gruszk\u0119, jej nuty g\u0142owy s\u0105 s\u0142odkim lotem do pysznego ogrodu. Ta spontaniczna obietnica pe\u0142na zmys\u0142owo\u015bci rozkwita w romantyczny kwiatowy bukiet irysa, ja\u015bminu i kwiatu pomara\u0144czy. Niczym tajemniczy, harmonijny i urzekaj\u0105cy ogr\u00f3d, perfumy te nios\u0105 w sobie na po\u0142y uwodzicielskie, na po\u0142y chciwe nuty bazowe wanilii, bobu tonka, praliny i paczuli.<\/p>","protected":false},"featured_media":8770,"template":"","meta":{"_acf_changed":false},"product_brand":[],"product_cat":[71,75,79],"product_tag":[],"class_list":{"0":"post-35","1":"product","2":"type-product","3":"status-publish","4":"has-post-thumbnail","6":"product_cat-unisex","7":"product_cat-black_collection","8":"product_cat-eau-de-parfum","9":"wcpa_has_options","11":"first","12":"instock","13":"shipping-taxable","14":"purchasable","15":"product-type-simple"},"acf":[],"_links":{"self":[{"href":"https:\/\/www.arabianssecret.com\/pl\/wp-json\/wp\/v2\/product\/35","targetHints":{"allow":["GET"]}}],"collection":[{"href":"https:\/\/www.arabianssecret.com\/pl\/wp-json\/wp\/v2\/product"}],"about":[{"href":"https:\/\/www.arabianssecret.com\/pl\/wp-json\/wp\/v2\/types\/product"}],"version-history":[{"count":0,"href":"https:\/\/www.arabianssecret.com\/pl\/wp-json\/wp\/v2\/product\/35\/revisions"}],"wp:featuredmedia":[{"embeddable":true,"href":"https:\/\/www.arabianssecret.com\/pl\/wp-json\/wp\/v2\/media\/8770"}],"wp:attachment":[{"href":"https:\/\/www.arabianssecret.com\/pl\/wp-json\/wp\/v2\/media?parent=35"}],"wp:term":[{"taxonomy":"product_brand","embeddable":true,"href":"https:\/\/www.arabianssecret.com\/pl\/wp-json\/wp\/v2\/product_brand?post=35"},{"taxonomy":"product_cat","embeddable":true,"href":"https:\/\/www.arabianssecret.com\/pl\/wp-json\/wp\/v2\/product_cat?post=35"},{"taxonomy":"product_tag","embeddable":true,"href":"https:\/\/www.arabianssecret.com\/pl\/wp-json\/wp\/v2\/product_tag?post=35"}],"curies":[{"name":"wp","href":"https:\/\/api.w.org\/{rel}","templated":true}]}}