{"id":4765,"date":"2021-12-18T22:37:36","date_gmt":"2021-12-18T21:37:36","guid":{"rendered":"https:\/\/www.arabianssecret.com\/?post_type=product&#038;p=4765"},"modified":"2026-03-04T17:02:43","modified_gmt":"2026-03-04T15:02:43","slug":"perskie-pizmo","status":"publish","type":"product","link":"https:\/\/www.arabianssecret.com\/pl\/product\/persian-musk\/","title":{"rendered":"PERSIAN MUSK"},"content":{"rendered":"<p>[catcbll pid=&#8221;Please change it to your product ID&#8221; background=&#8221;#fff&#8221; font_size=&#8221;12&#8243; font_color=&#8221;#000&#8243; font_awesome=&#8221;fas fa-adjust&#8221; border_color=&#8221;red&#8221; border_size=&#8221;2&#8243; icon_position=&#8221;right&#8221; image=&#8221;false&#8221;]<\/p>\n<blockquote><p><span style=\"font-family: scheherazade-regular; font-size: 14pt;\">California Touch<\/span> <span style=\"font-family: scheherazade-regular; font-size: 14pt;\">\u00c0 l&#8217;image d&#8217;une Am\u00e9rique cosmopolite, terre de contrastes, la personnalit\u00e9 insaisissable et le pouvoir d&#8217;attraction de California Touch n&#8217;ont pas fini de vous surprendre. <\/span><\/p><\/blockquote>\n<p><span style=\"font-family: scheherazade-regular; font-size: 14pt;\">Son \u00e9l\u00e9gance acidul\u00e9e s&#8217;affiche comme un bijou pr\u00e9cieux, offrant de nouvelles facettes \u00e0 chacun de vos pas&#8230;<\/span><\/p>\n<p><span style=\"font-family: scheherazade-regular; font-size: 14pt;\">Un fascinant pouvoir d&#8217;attraction<\/span> <span style=\"font-family: scheherazade-regular; font-size: 14pt;\">Ses notes de t\u00eate stimulantes donnent le ton, emmen\u00e9es par la fra\u00eecheur de la Bergamote et le Cumin. <\/span><\/p>\n<p><span style=\"font-family: scheherazade-regular; font-size: 14pt;\">Cette fougue se prolonge dans un feu d&#8217;artifice qui s&#8217;\u00e9panouit dans des notes de Jasmin, de Lavande et d&#8217;Amande am\u00e8re. <\/span><\/p>\n<p><span style=\"font-family: scheherazade-regular; font-size: 14pt;\">Tout \u00e0 tour frais ou plus capiteux, California Touch assume sa personnalit\u00e9 hors-normes et fascine par sa voluptueuse audace.<\/span><\/p>\n","protected":false},"excerpt":{"rendered":"<p style=\"text-align: center;\"><strong>Perskie pi\u017cmo<\/strong><br \/>\nGdyby harmonia mi\u0119dzy cia\u0142em i umys\u0142em mia\u0142a mie\u0107 zapach, by\u0142oby to Persian Musk. Wsp\u00f3\u0142czesny i elegancki, ten pe\u0142en spokoju zapach brzmi jak hymn indywidualnego rozkwitu, bez cienia nieszczero\u015bci...<\/p>\n<p style=\"text-align: center;\"><strong>Obecno\u015b\u0107 magnetyczna<\/strong><br \/>\nPe\u0142ne mocy i r\u00f3wnowagi Persian Musk l\u015bni \u015bwie\u017co\u015bci\u0105 mi\u0119towego i aromatycznego serca. \u017bywo\u015b\u0107 natychmiast niuansuje uspokajaj\u0105cy rdze\u0144 cedru, utrzymuj\u0105cy si\u0119 z wyra\u017anymi nowoczesnymi nutami benzoiny. Wyrafinowany aromat Persian Musk uwalnia moc swojego nieodpartego uroku.<\/p>","protected":false},"featured_media":8696,"template":"","meta":{"_acf_changed":false},"product_brand":[],"product_cat":[71,76,77],"product_tag":[],"class_list":{"0":"post-4765","1":"product","2":"type-product","3":"status-publish","4":"has-post-thumbnail","6":"product_cat-unisex","7":"product_cat-white_collection","8":"product_cat-parfum","9":"wcpa_has_options","11":"first","12":"instock","13":"shipping-taxable","14":"purchasable","15":"product-type-simple"},"acf":[],"_links":{"self":[{"href":"https:\/\/www.arabianssecret.com\/pl\/wp-json\/wp\/v2\/product\/4765","targetHints":{"allow":["GET"]}}],"collection":[{"href":"https:\/\/www.arabianssecret.com\/pl\/wp-json\/wp\/v2\/product"}],"about":[{"href":"https:\/\/www.arabianssecret.com\/pl\/wp-json\/wp\/v2\/types\/product"}],"version-history":[{"count":0,"href":"https:\/\/www.arabianssecret.com\/pl\/wp-json\/wp\/v2\/product\/4765\/revisions"}],"wp:featuredmedia":[{"embeddable":true,"href":"https:\/\/www.arabianssecret.com\/pl\/wp-json\/wp\/v2\/media\/8696"}],"wp:attachment":[{"href":"https:\/\/www.arabianssecret.com\/pl\/wp-json\/wp\/v2\/media?parent=4765"}],"wp:term":[{"taxonomy":"product_brand","embeddable":true,"href":"https:\/\/www.arabianssecret.com\/pl\/wp-json\/wp\/v2\/product_brand?post=4765"},{"taxonomy":"product_cat","embeddable":true,"href":"https:\/\/www.arabianssecret.com\/pl\/wp-json\/wp\/v2\/product_cat?post=4765"},{"taxonomy":"product_tag","embeddable":true,"href":"https:\/\/www.arabianssecret.com\/pl\/wp-json\/wp\/v2\/product_tag?post=4765"}],"curies":[{"name":"wp","href":"https:\/\/api.w.org\/{rel}","templated":true}]}}