{"id":5546,"date":"2022-08-14T15:18:55","date_gmt":"2022-08-14T13:18:55","guid":{"rendered":"https:\/\/www.arabianssecret.com\/?post_type=product&#038;p=5546"},"modified":"2026-03-04T17:02:31","modified_gmt":"2026-03-04T15:02:31","slug":"letnia-wetyweria","status":"publish","type":"product","link":"https:\/\/www.arabianssecret.com\/pl\/product\/summer-vetiver\/","title":{"rendered":"LETNI WETERAN"},"content":{"rendered":"","protected":false},"excerpt":{"rendered":"<p style=\"text-align: center;\"><strong>Letnia wetyweria<br \/>\n<\/strong><span style=\"font-weight: 400;\">W upalne lato zanurz si\u0119 w wirze kwiatowej \u015bwie\u017co\u015bci, zanim oddasz si\u0119 drzewnej elegancji wetiweru....<\/span><\/p>\n<p style=\"text-align: center;\"><strong>Zabawny, s\u0142oneczny... nieodparty wetiwer<\/strong><br \/>\n<span style=\"font-weight: 400;\">Wyj\u0105tkowo nowoczesny, Summer Vetiver uderza nut\u0105 s\u0142onecznych wir\u00f3w, podkre\u015blonych lekk\u0105 \u0142agodno\u015bci\u0105 mieszanki kwiat\u00f3w. Fio\u0142ki, ja\u015bmin i cyklamen \u0142agodz\u0105 nieodparty pop\u0119d owoc\u00f3w cytrusowych, zachowuj\u0105c harmoni\u0119 tego wznios\u0142ego promienia s\u0142o\u0144ca. W filigranowych nutach wetyweria narzuca swoj\u0105 klasyczn\u0105 i z\u0142o\u017con\u0105 elegancj\u0119 w po\u0142\u0105czeniu ze zmys\u0142owymi nutami bursztynu i pi\u017cma. Summer Vetiver to elegancki i nowoczesny zapach, kt\u00f3ry zach\u0119ca do cieszenia si\u0119 d\u0142ugimi letnimi dniami bez zmartwie\u0144 o miniony czas... Perfumy szcz\u0119\u015bcia zdominowane przez nuty wetiweru o zdecydowanym i nowoczesnym duchu.<\/span><\/p>","protected":false},"featured_media":8700,"template":"","meta":{"_acf_changed":false},"product_brand":[],"product_cat":[71,76,77],"product_tag":[],"class_list":{"0":"post-5546","1":"product","2":"type-product","3":"status-publish","4":"has-post-thumbnail","6":"product_cat-unisex","7":"product_cat-white_collection","8":"product_cat-parfum","9":"wcpa_has_options","11":"first","12":"instock","13":"shipping-taxable","14":"purchasable","15":"product-type-simple"},"acf":[],"_links":{"self":[{"href":"https:\/\/www.arabianssecret.com\/pl\/wp-json\/wp\/v2\/product\/5546","targetHints":{"allow":["GET"]}}],"collection":[{"href":"https:\/\/www.arabianssecret.com\/pl\/wp-json\/wp\/v2\/product"}],"about":[{"href":"https:\/\/www.arabianssecret.com\/pl\/wp-json\/wp\/v2\/types\/product"}],"version-history":[{"count":0,"href":"https:\/\/www.arabianssecret.com\/pl\/wp-json\/wp\/v2\/product\/5546\/revisions"}],"wp:featuredmedia":[{"embeddable":true,"href":"https:\/\/www.arabianssecret.com\/pl\/wp-json\/wp\/v2\/media\/8700"}],"wp:attachment":[{"href":"https:\/\/www.arabianssecret.com\/pl\/wp-json\/wp\/v2\/media?parent=5546"}],"wp:term":[{"taxonomy":"product_brand","embeddable":true,"href":"https:\/\/www.arabianssecret.com\/pl\/wp-json\/wp\/v2\/product_brand?post=5546"},{"taxonomy":"product_cat","embeddable":true,"href":"https:\/\/www.arabianssecret.com\/pl\/wp-json\/wp\/v2\/product_cat?post=5546"},{"taxonomy":"product_tag","embeddable":true,"href":"https:\/\/www.arabianssecret.com\/pl\/wp-json\/wp\/v2\/product_tag?post=5546"}],"curies":[{"name":"wp","href":"https:\/\/api.w.org\/{rel}","templated":true}]}}