{"id":1445,"date":"2019-12-12T01:42:06","date_gmt":"2019-12-12T00:42:06","guid":{"rendered":"https:\/\/www.arabianssecret.com\/?post_type=product&#038;p=1445"},"modified":"2026-03-04T17:03:16","modified_gmt":"2026-03-04T15:03:16","slug":"azul-ambar","status":"publish","type":"product","link":"https:\/\/www.arabianssecret.com\/pt\/product\/amber-blue\/","title":{"rendered":"AZUL AMARELO"},"content":{"rendered":"","protected":false},"excerpt":{"rendered":"<p style=\"text-align: center;\"><strong>Azul \u00e2mbar<\/strong><br \/>\nTal como a gema rara e preciosa que o inspirou, Amber Blue distingue-se pela sua originalidade encantadora e eleg\u00e2ncia ineg\u00e1vel. Entre a insaciabilidade e a sensibilidade, este perfume encarna a ess\u00eancia do prazer de viver.<\/p>\n<p style=\"text-align: center;\"><strong>No ritmo da paix\u00e3o<\/strong><br \/>\nComo o tango argentino, Amber Blue tem uma vitalidade \u00fanica que provoca curiosidade e combina suavemente com o aroma de frutas gourmet. Os toques elegantes de duas fragr\u00e2ncias, que real\u00e7am perfeitamente a sua natureza profunda, opulenta e generosa... Combinando for\u00e7a e do\u00e7ura, Amber Blue rima paix\u00e3o e momentos suaves ao revelar o seu n\u00facleo profundamente sens\u00edvel composto por \u00e2mbar, alm\u00edscar e baunilha.<\/p>","protected":false},"featured_media":8692,"template":"","meta":{"_acf_changed":false},"product_brand":[],"product_cat":[71,76,77],"product_tag":[],"class_list":{"0":"post-1445","1":"product","2":"type-product","3":"status-publish","4":"has-post-thumbnail","6":"product_cat-unisex","7":"product_cat-white_collection","8":"product_cat-parfum","9":"wcpa_has_options","11":"first","12":"instock","13":"shipping-taxable","14":"purchasable","15":"product-type-simple"},"acf":[],"_links":{"self":[{"href":"https:\/\/www.arabianssecret.com\/pt\/wp-json\/wp\/v2\/product\/1445","targetHints":{"allow":["GET"]}}],"collection":[{"href":"https:\/\/www.arabianssecret.com\/pt\/wp-json\/wp\/v2\/product"}],"about":[{"href":"https:\/\/www.arabianssecret.com\/pt\/wp-json\/wp\/v2\/types\/product"}],"version-history":[{"count":0,"href":"https:\/\/www.arabianssecret.com\/pt\/wp-json\/wp\/v2\/product\/1445\/revisions"}],"wp:featuredmedia":[{"embeddable":true,"href":"https:\/\/www.arabianssecret.com\/pt\/wp-json\/wp\/v2\/media\/8692"}],"wp:attachment":[{"href":"https:\/\/www.arabianssecret.com\/pt\/wp-json\/wp\/v2\/media?parent=1445"}],"wp:term":[{"taxonomy":"product_brand","embeddable":true,"href":"https:\/\/www.arabianssecret.com\/pt\/wp-json\/wp\/v2\/product_brand?post=1445"},{"taxonomy":"product_cat","embeddable":true,"href":"https:\/\/www.arabianssecret.com\/pt\/wp-json\/wp\/v2\/product_cat?post=1445"},{"taxonomy":"product_tag","embeddable":true,"href":"https:\/\/www.arabianssecret.com\/pt\/wp-json\/wp\/v2\/product_tag?post=1445"}],"curies":[{"name":"wp","href":"https:\/\/api.w.org\/{rel}","templated":true}]}}