{"id":1395,"date":"2019-12-08T21:26:09","date_gmt":"2019-12-08T20:26:09","guid":{"rendered":"https:\/\/www.arabianssecret.com\/?post_type=product&#038;p=1395"},"modified":"2026-03-04T17:03:26","modified_gmt":"2026-03-04T15:03:26","slug":"talisman-absolut","status":"publish","type":"product","link":"https:\/\/www.arabianssecret.com\/ro\/product\/absolute-talisman\/","title":{"rendered":"TALISMAN ABSOLUT"},"content":{"rendered":"","protected":false},"excerpt":{"rendered":"<p style=\"text-align: center;\"><strong>Talisman absolut<\/strong><br \/>\nCa o aur\u0103 fermec\u0103toare, Absolute Talisman str\u0103luce\u0219te cu o misterioas\u0103 str\u0103lucire floral\u0103. Dincolo de un parfum - un adev\u0103rat ritual...<\/p>\n<p style=\"text-align: center;\"><strong>Talismanul absolut, magia unei amprente<\/strong><br \/>\nAcest parfum mistic apare \u00eentr-un buchet de note revigorante \u0219i florale \u00eenainte de a plonja \u00een ad\u00e2ncurile lemnelor pre\u021bioase din Orient. Dup\u0103 ce \u0219i-a eliberat elixirul floral, Absolute Talisman \u00eenflore\u0219te \u00een incandescen\u021ba \u00eentunecat\u0103 a lemnului de agar, santal, benzoin \u0219i magia func\u021bioneaz\u0103... Seduc\u0103tor, elegant \u0219i fermec\u0103tor, Absolute Talisman are totul pentru a deveni simbolul t\u0103u, parfumul t\u0103u talisman.<\/p>","protected":false},"featured_media":8691,"template":"","meta":{"_acf_changed":false},"product_brand":[],"product_cat":[71,76,77],"product_tag":[],"class_list":{"0":"post-1395","1":"product","2":"type-product","3":"status-publish","4":"has-post-thumbnail","6":"product_cat-unisex","7":"product_cat-white_collection","8":"product_cat-parfum","9":"wcpa_has_options","11":"first","12":"instock","13":"shipping-taxable","14":"purchasable","15":"product-type-simple"},"acf":[],"_links":{"self":[{"href":"https:\/\/www.arabianssecret.com\/ro\/wp-json\/wp\/v2\/product\/1395","targetHints":{"allow":["GET"]}}],"collection":[{"href":"https:\/\/www.arabianssecret.com\/ro\/wp-json\/wp\/v2\/product"}],"about":[{"href":"https:\/\/www.arabianssecret.com\/ro\/wp-json\/wp\/v2\/types\/product"}],"version-history":[{"count":0,"href":"https:\/\/www.arabianssecret.com\/ro\/wp-json\/wp\/v2\/product\/1395\/revisions"}],"wp:featuredmedia":[{"embeddable":true,"href":"https:\/\/www.arabianssecret.com\/ro\/wp-json\/wp\/v2\/media\/8691"}],"wp:attachment":[{"href":"https:\/\/www.arabianssecret.com\/ro\/wp-json\/wp\/v2\/media?parent=1395"}],"wp:term":[{"taxonomy":"product_brand","embeddable":true,"href":"https:\/\/www.arabianssecret.com\/ro\/wp-json\/wp\/v2\/product_brand?post=1395"},{"taxonomy":"product_cat","embeddable":true,"href":"https:\/\/www.arabianssecret.com\/ro\/wp-json\/wp\/v2\/product_cat?post=1395"},{"taxonomy":"product_tag","embeddable":true,"href":"https:\/\/www.arabianssecret.com\/ro\/wp-json\/wp\/v2\/product_tag?post=1395"}],"curies":[{"name":"wp","href":"https:\/\/api.w.org\/{rel}","templated":true}]}}