{"id":1445,"date":"2019-12-12T01:42:06","date_gmt":"2019-12-12T00:42:06","guid":{"rendered":"https:\/\/www.arabianssecret.com\/?post_type=product&#038;p=1445"},"modified":"2026-03-04T17:03:16","modified_gmt":"2026-03-04T15:03:16","slug":"albastru-chihlimbar","status":"publish","type":"product","link":"https:\/\/www.arabianssecret.com\/ro\/product\/amber-blue\/","title":{"rendered":"AMBER BLUE"},"content":{"rendered":"","protected":false},"excerpt":{"rendered":"<p style=\"text-align: center;\"><strong>Albastru chihlimbar<\/strong><br \/>\nLa fel ca gema rar\u0103 \u0219i pre\u021bioas\u0103 care l-a inspirat, Amber Blue se distinge prin originalitatea sa fermec\u0103toare \u0219i elegan\u021ba incontestabil\u0103. \u00centre insa\u021biabilitate \u0219i sensibilitate, acest parfum \u00eentruchipeaz\u0103 esen\u021ba de a te bucura de via\u021b\u0103.<\/p>\n<p style=\"text-align: center;\"><strong>\u00cen ritmul pasiunii<\/strong><br \/>\nAsemenea tangoului argentinian, Amber Blue are o vitalitate unic\u0103 care provoac\u0103 curiozitatea \u0219i combin\u0103 delicat parfumul fructelor gourmet. Atingerile elegante a dou\u0103 parfumuri, care subliniaz\u0103 perfect natura sa profund\u0103, opulent\u0103 \u0219i generoas\u0103... Combin\u00e2nd puterea \u0219i dulcea\u021ba, Amber Blue rimeaz\u0103 cu pasiune \u0219i momente bl\u00e2nde, dezv\u0103luindu-\u0219i miezul profund sensibil format din ambr\u0103, mosc \u0219i vanilie.<\/p>","protected":false},"featured_media":8692,"template":"","meta":{"_acf_changed":false},"product_brand":[],"product_cat":[71,76,77],"product_tag":[],"class_list":{"0":"post-1445","1":"product","2":"type-product","3":"status-publish","4":"has-post-thumbnail","6":"product_cat-unisex","7":"product_cat-white_collection","8":"product_cat-parfum","9":"wcpa_has_options","11":"first","12":"instock","13":"shipping-taxable","14":"purchasable","15":"product-type-simple"},"acf":[],"_links":{"self":[{"href":"https:\/\/www.arabianssecret.com\/ro\/wp-json\/wp\/v2\/product\/1445","targetHints":{"allow":["GET"]}}],"collection":[{"href":"https:\/\/www.arabianssecret.com\/ro\/wp-json\/wp\/v2\/product"}],"about":[{"href":"https:\/\/www.arabianssecret.com\/ro\/wp-json\/wp\/v2\/types\/product"}],"version-history":[{"count":0,"href":"https:\/\/www.arabianssecret.com\/ro\/wp-json\/wp\/v2\/product\/1445\/revisions"}],"wp:featuredmedia":[{"embeddable":true,"href":"https:\/\/www.arabianssecret.com\/ro\/wp-json\/wp\/v2\/media\/8692"}],"wp:attachment":[{"href":"https:\/\/www.arabianssecret.com\/ro\/wp-json\/wp\/v2\/media?parent=1445"}],"wp:term":[{"taxonomy":"product_brand","embeddable":true,"href":"https:\/\/www.arabianssecret.com\/ro\/wp-json\/wp\/v2\/product_brand?post=1445"},{"taxonomy":"product_cat","embeddable":true,"href":"https:\/\/www.arabianssecret.com\/ro\/wp-json\/wp\/v2\/product_cat?post=1445"},{"taxonomy":"product_tag","embeddable":true,"href":"https:\/\/www.arabianssecret.com\/ro\/wp-json\/wp\/v2\/product_tag?post=1445"}],"curies":[{"name":"wp","href":"https:\/\/api.w.org\/{rel}","templated":true}]}}