{"id":1559,"date":"2020-06-04T00:19:54","date_gmt":"2020-06-03T22:19:54","guid":{"rendered":"https:\/\/www.arabianssecret.com\/?post_type=product&#038;p=1559"},"modified":"2026-03-04T17:03:05","modified_gmt":"2026-03-04T15:03:05","slug":"white-manhattan","status":"publish","type":"product","link":"https:\/\/www.arabianssecret.com\/ro\/product\/white-manhattan\/","title":{"rendered":"MANHATTAN ALB"},"content":{"rendered":"","protected":false},"excerpt":{"rendered":"<p style=\"text-align: center;\"><strong>White Manhattan<br \/>\n<\/strong>White Manhattan este un parfum \u00eemb\u0103t\u0103tor, \u00eendr\u0103zne\u021b \u0219i seduc\u0103tor care iese \u00een eviden\u021b\u0103 \u0219i ame\u021be\u0219te. Descoperi\u021bi elegan\u021ba acestui parfum multistrat, cald \u0219i senzual.<\/p>\n<p style=\"text-align: center;\"><strong>Un cocktail de arome care ispite\u0219te \u0219i seduce.<span style=\"font-weight: 400;\"><br \/>\n<\/span><\/strong>Dac\u0103 seduc\u021bia este un joc, White Manhattan este cea mai puternic\u0103 arm\u0103 din el. \nEl st\u0103p\u00e2ne\u0219te fiecare secret al acestei arte plastice, trezind curiozitate datorit\u0103 nuan\u021belor sale pe jum\u0103tate de floare \u0219i pe jum\u0103tate de fructe, \u0219i captiveaz\u0103 u\u0219or fiecare public: \u00eenceputul este stabilit. \u0218i a\u0219a \u00eencep s\u0103 se dezv\u0103luie treptat delicatele note de vanilie, mosc \u0219i paciuli, \u00een care se \u00eemplete\u0219te o arom\u0103 puternic\u0103 de piele. Parfum carismatic cu aspect urban, energic \u0219i senzual.<\/p>","protected":false},"featured_media":8701,"template":"","meta":{"_acf_changed":false},"product_brand":[],"product_cat":[71,76,77],"product_tag":[],"class_list":{"0":"post-1559","1":"product","2":"type-product","3":"status-publish","4":"has-post-thumbnail","6":"product_cat-unisex","7":"product_cat-white_collection","8":"product_cat-parfum","9":"wcpa_has_options","11":"first","12":"instock","13":"shipping-taxable","14":"purchasable","15":"product-type-simple"},"acf":[],"_links":{"self":[{"href":"https:\/\/www.arabianssecret.com\/ro\/wp-json\/wp\/v2\/product\/1559","targetHints":{"allow":["GET"]}}],"collection":[{"href":"https:\/\/www.arabianssecret.com\/ro\/wp-json\/wp\/v2\/product"}],"about":[{"href":"https:\/\/www.arabianssecret.com\/ro\/wp-json\/wp\/v2\/types\/product"}],"version-history":[{"count":0,"href":"https:\/\/www.arabianssecret.com\/ro\/wp-json\/wp\/v2\/product\/1559\/revisions"}],"wp:featuredmedia":[{"embeddable":true,"href":"https:\/\/www.arabianssecret.com\/ro\/wp-json\/wp\/v2\/media\/8701"}],"wp:attachment":[{"href":"https:\/\/www.arabianssecret.com\/ro\/wp-json\/wp\/v2\/media?parent=1559"}],"wp:term":[{"taxonomy":"product_brand","embeddable":true,"href":"https:\/\/www.arabianssecret.com\/ro\/wp-json\/wp\/v2\/product_brand?post=1559"},{"taxonomy":"product_cat","embeddable":true,"href":"https:\/\/www.arabianssecret.com\/ro\/wp-json\/wp\/v2\/product_cat?post=1559"},{"taxonomy":"product_tag","embeddable":true,"href":"https:\/\/www.arabianssecret.com\/ro\/wp-json\/wp\/v2\/product_tag?post=1559"}],"curies":[{"name":"wp","href":"https:\/\/api.w.org\/{rel}","templated":true}]}}