{"id":45,"date":"2018-01-27T12:49:24","date_gmt":"2018-01-27T11:49:24","guid":{"rendered":"http:\/\/www.arabianssecret.com\/?post_type=product&#038;p=45"},"modified":"2026-03-04T17:03:45","modified_gmt":"2026-03-04T15:03:45","slug":"rose-celeste","status":"publish","type":"product","link":"https:\/\/www.arabianssecret.com\/ro\/product\/rose-celeste\/","title":{"rendered":"ROSE CELESTE"},"content":{"rendered":"","protected":false},"excerpt":{"rendered":"<p style=\"text-align: center;\"><strong>Rose celeste<\/strong><br \/>\nParfum chypr\u00e9 \u0219i spirit boem fructat, Rose Celeste v\u0103 invit\u0103 s\u0103 c\u0103l\u0103tori\u021bi \u00eentr-o adiere de farmec. Ludicitatea acid\u0103 a notelor de v\u00e2rf de frezie \u0219i coac\u0103z face loc unei inimi florale luminoase compus\u0103 dintr-un bra\u021b de trandafir \u0219i patchouli. Profund misterioas\u0103, aceasta \u00eenflore\u0219te \u00een toat\u0103 subtilitatea, purtat\u0103 de un fond care \u00eembin\u0103 c\u0103ldura vaniliei \u0219i a lemnului blond cu farmecul incandescent al ambrazurii.<\/p>","protected":false},"featured_media":8768,"template":"","meta":{"_acf_changed":false},"product_brand":[],"product_cat":[71,75,77],"product_tag":[],"class_list":{"0":"post-45","1":"product","2":"type-product","3":"status-publish","4":"has-post-thumbnail","6":"product_cat-unisex","7":"product_cat-black_collection","8":"product_cat-parfum","9":"wcpa_has_options","11":"first","12":"instock","13":"shipping-taxable","14":"purchasable","15":"product-type-simple"},"acf":[],"_links":{"self":[{"href":"https:\/\/www.arabianssecret.com\/ro\/wp-json\/wp\/v2\/product\/45","targetHints":{"allow":["GET"]}}],"collection":[{"href":"https:\/\/www.arabianssecret.com\/ro\/wp-json\/wp\/v2\/product"}],"about":[{"href":"https:\/\/www.arabianssecret.com\/ro\/wp-json\/wp\/v2\/types\/product"}],"version-history":[{"count":0,"href":"https:\/\/www.arabianssecret.com\/ro\/wp-json\/wp\/v2\/product\/45\/revisions"}],"wp:featuredmedia":[{"embeddable":true,"href":"https:\/\/www.arabianssecret.com\/ro\/wp-json\/wp\/v2\/media\/8768"}],"wp:attachment":[{"href":"https:\/\/www.arabianssecret.com\/ro\/wp-json\/wp\/v2\/media?parent=45"}],"wp:term":[{"taxonomy":"product_brand","embeddable":true,"href":"https:\/\/www.arabianssecret.com\/ro\/wp-json\/wp\/v2\/product_brand?post=45"},{"taxonomy":"product_cat","embeddable":true,"href":"https:\/\/www.arabianssecret.com\/ro\/wp-json\/wp\/v2\/product_cat?post=45"},{"taxonomy":"product_tag","embeddable":true,"href":"https:\/\/www.arabianssecret.com\/ro\/wp-json\/wp\/v2\/product_tag?post=45"}],"curies":[{"name":"wp","href":"https:\/\/api.w.org\/{rel}","templated":true}]}}