{"id":1364,"date":"2019-12-08T01:57:56","date_gmt":"2019-12-08T00:57:56","guid":{"rendered":"https:\/\/www.arabianssecret.com\/?post_type=product&#038;p=1364"},"modified":"2026-03-04T17:03:34","modified_gmt":"2026-03-04T15:03:34","slug":"habibi","status":"publish","type":"product","link":"https:\/\/www.arabianssecret.com\/sk\/product\/habibi\/","title":{"rendered":"HABIBI"},"content":{"rendered":"","protected":false},"excerpt":{"rendered":"<p style=\"text-align: center;\"><strong>Habibi<\/strong><br \/>\nHabibi je vyznanie l\u00e1sky pln\u00e9 jemnosti, \u00fatek do ne\u017enej z\u00e1hrady s jemn\u00fdmi a sladk\u00fdmi v\u00f4\u0148ami.<br \/>\n<strong><br \/>\nNad\u010dasov\u00e1 z\u00e1hrada l\u00e1sky.<br \/>\n<\/strong>Habibi je ako s\u013eub, pr\u00edsaha, ktor\u00e1 n\u00e1s uv\u00e1dza do sveta jemn\u00fdch a p\u00fadrov\u00fdch t\u00f3nov ru\u017ee a jazm\u00ednu. V srdci tohto vesm\u00edru - v kr\u00e1\u013eovstve nekone\u010dnej l\u00e1sky, sa tieto nehmotn\u00e9 v\u00e4zby v\u00f4ne prel\u00ednaj\u00fa so zmyselnou ve\u013ekorysos\u0165ou pi\u017ema a vanilky. Man\u017eelstvo opulentnosti a svie\u017eosti, roz\u017eiaren\u00e9 jant\u00e1rom a pomaran\u010dov\u00fdm kvetom, Habibi je klenot, ktor\u00e9ho mnohotv\u00e1rnos\u0165 ne\u00fanavne odr\u00e1\u017ea podstatu absol\u00fatnej l\u00e1sky.<\/p>","protected":false},"featured_media":8695,"template":"","meta":{"_acf_changed":false},"product_brand":[],"product_cat":[71,76,77],"product_tag":[],"class_list":{"0":"post-1364","1":"product","2":"type-product","3":"status-publish","4":"has-post-thumbnail","6":"product_cat-unisex","7":"product_cat-white_collection","8":"product_cat-parfum","9":"wcpa_has_options","11":"first","12":"instock","13":"shipping-taxable","14":"purchasable","15":"product-type-simple"},"acf":[],"_links":{"self":[{"href":"https:\/\/www.arabianssecret.com\/sk\/wp-json\/wp\/v2\/product\/1364","targetHints":{"allow":["GET"]}}],"collection":[{"href":"https:\/\/www.arabianssecret.com\/sk\/wp-json\/wp\/v2\/product"}],"about":[{"href":"https:\/\/www.arabianssecret.com\/sk\/wp-json\/wp\/v2\/types\/product"}],"version-history":[{"count":0,"href":"https:\/\/www.arabianssecret.com\/sk\/wp-json\/wp\/v2\/product\/1364\/revisions"}],"wp:featuredmedia":[{"embeddable":true,"href":"https:\/\/www.arabianssecret.com\/sk\/wp-json\/wp\/v2\/media\/8695"}],"wp:attachment":[{"href":"https:\/\/www.arabianssecret.com\/sk\/wp-json\/wp\/v2\/media?parent=1364"}],"wp:term":[{"taxonomy":"product_brand","embeddable":true,"href":"https:\/\/www.arabianssecret.com\/sk\/wp-json\/wp\/v2\/product_brand?post=1364"},{"taxonomy":"product_cat","embeddable":true,"href":"https:\/\/www.arabianssecret.com\/sk\/wp-json\/wp\/v2\/product_cat?post=1364"},{"taxonomy":"product_tag","embeddable":true,"href":"https:\/\/www.arabianssecret.com\/sk\/wp-json\/wp\/v2\/product_tag?post=1364"}],"curies":[{"name":"wp","href":"https:\/\/api.w.org\/{rel}","templated":true}]}}