{"id":1395,"date":"2019-12-08T21:26:09","date_gmt":"2019-12-08T20:26:09","guid":{"rendered":"https:\/\/www.arabianssecret.com\/?post_type=product&#038;p=1395"},"modified":"2026-03-04T17:03:26","modified_gmt":"2026-03-04T15:03:26","slug":"absolutny-talizman","status":"publish","type":"product","link":"https:\/\/www.arabianssecret.com\/sk\/product\/absolute-talisman\/","title":{"rendered":"ABSOL\u00daTNY TALIZMAN"},"content":{"rendered":"","protected":false},"excerpt":{"rendered":"<p style=\"text-align: center;\"><strong>Absol\u00fatny talizman<\/strong><br \/>\nAbsolute Talisman \u017eiari ako o\u010daruj\u00faca aura tajomn\u00fdm kvetinov\u00fdm leskom. Viac ne\u017e parf\u00e9m - skuto\u010dn\u00fd ritu\u00e1l...<\/p>\n<p style=\"text-align: center;\"><strong>Absolute Talisman, k\u00fazlo odtla\u010dku<\/strong><br \/>\nT\u00e1to mystick\u00e1 v\u00f4\u0148a sa objavuje v kytici povzbudzuj\u00facich a kvetinov\u00fdch t\u00f3nov, ne\u017e sa ponor\u00ed do hlb\u00edn vz\u00e1cnych drev\u00edn z Orientu. Po uvo\u013enen\u00ed svojho kvetinov\u00e9ho elix\u00edru Absolute Talisman rozkvit\u00e1 do temn\u00e9ho \u017eerav\u00e9ho t\u00f3nu agarov\u00e9ho, santalov\u00e9ho a benzo\u00ednov\u00e9ho dreva a k\u00fazlo funguje... Zvodn\u00fd, elegantn\u00fd a o\u010daruj\u00faci Absolute Talisman m\u00e1 v\u0161etko na to, aby sa stal va\u0161\u00edm symbolom, va\u0161\u00edm parfumom-talismanom.<\/p>","protected":false},"featured_media":8691,"template":"","meta":{"_acf_changed":false},"product_brand":[],"product_cat":[71,76,77],"product_tag":[],"class_list":{"0":"post-1395","1":"product","2":"type-product","3":"status-publish","4":"has-post-thumbnail","6":"product_cat-unisex","7":"product_cat-white_collection","8":"product_cat-parfum","9":"wcpa_has_options","11":"first","12":"instock","13":"shipping-taxable","14":"purchasable","15":"product-type-simple"},"acf":[],"_links":{"self":[{"href":"https:\/\/www.arabianssecret.com\/sk\/wp-json\/wp\/v2\/product\/1395","targetHints":{"allow":["GET"]}}],"collection":[{"href":"https:\/\/www.arabianssecret.com\/sk\/wp-json\/wp\/v2\/product"}],"about":[{"href":"https:\/\/www.arabianssecret.com\/sk\/wp-json\/wp\/v2\/types\/product"}],"version-history":[{"count":0,"href":"https:\/\/www.arabianssecret.com\/sk\/wp-json\/wp\/v2\/product\/1395\/revisions"}],"wp:featuredmedia":[{"embeddable":true,"href":"https:\/\/www.arabianssecret.com\/sk\/wp-json\/wp\/v2\/media\/8691"}],"wp:attachment":[{"href":"https:\/\/www.arabianssecret.com\/sk\/wp-json\/wp\/v2\/media?parent=1395"}],"wp:term":[{"taxonomy":"product_brand","embeddable":true,"href":"https:\/\/www.arabianssecret.com\/sk\/wp-json\/wp\/v2\/product_brand?post=1395"},{"taxonomy":"product_cat","embeddable":true,"href":"https:\/\/www.arabianssecret.com\/sk\/wp-json\/wp\/v2\/product_cat?post=1395"},{"taxonomy":"product_tag","embeddable":true,"href":"https:\/\/www.arabianssecret.com\/sk\/wp-json\/wp\/v2\/product_tag?post=1395"}],"curies":[{"name":"wp","href":"https:\/\/api.w.org\/{rel}","templated":true}]}}