{"id":1445,"date":"2019-12-12T01:42:06","date_gmt":"2019-12-12T00:42:06","guid":{"rendered":"https:\/\/www.arabianssecret.com\/?post_type=product&#038;p=1445"},"modified":"2026-03-04T17:03:16","modified_gmt":"2026-03-04T15:03:16","slug":"jantarovo-modra","status":"publish","type":"product","link":"https:\/\/www.arabianssecret.com\/sk\/product\/amber-blue\/","title":{"rendered":"AMBER BLUE"},"content":{"rendered":"","protected":false},"excerpt":{"rendered":"<p style=\"text-align: center;\"><strong>Jant\u00e1rovo modr\u00e1<\/strong><br \/>\nRovnako ako vz\u00e1cny a drahocenn\u00fd drahokam, ktor\u00fd ho in\u0161piroval, sa Amber Blue vyzna\u010duje o\u010daruj\u00facou originalitou a nepopierate\u013enou eleganciou. Medzi nen\u00e1sytnos\u0165ou a citlivos\u0165ou tento parf\u00e9m steles\u0148uje podstatu u\u017e\u00edvania si \u017eivota.<\/p>\n<p style=\"text-align: center;\"><strong>V rytme v\u00e1\u0161ne<\/strong><br \/>\nRovnako ako argent\u00ednske tango m\u00e1 Amber Blue jedine\u010dn\u00fa vitalitu, ktor\u00e1 vyvol\u00e1va zvedavos\u0165 a jemne sa sp\u00e1ja s v\u00f4\u0148ou gurm\u00e1nskeho ovocia. Elegantn\u00e9 dotyky dvoch v\u00f4n\u00ed, ktor\u00e9 dokonale pod\u010diarkuj\u00fa jej hlbok\u00fa, opulentn\u00fa a ve\u013ekorys\u00fa povahu... Kombin\u00e1cia sily a sladkosti, Amber Blue r\u00fdmuje v\u00e1\u0161e\u0148 a ne\u017en\u00e9 momenty, ke\u010f odha\u013euje svoje hlboko citliv\u00e9 jadro tvoren\u00e9 jant\u00e1rom, pi\u017emom a vanilkou.<\/p>","protected":false},"featured_media":8692,"template":"","meta":{"_acf_changed":false},"product_brand":[],"product_cat":[71,76,77],"product_tag":[],"class_list":{"0":"post-1445","1":"product","2":"type-product","3":"status-publish","4":"has-post-thumbnail","6":"product_cat-unisex","7":"product_cat-white_collection","8":"product_cat-parfum","9":"wcpa_has_options","11":"first","12":"instock","13":"shipping-taxable","14":"purchasable","15":"product-type-simple"},"acf":[],"_links":{"self":[{"href":"https:\/\/www.arabianssecret.com\/sk\/wp-json\/wp\/v2\/product\/1445","targetHints":{"allow":["GET"]}}],"collection":[{"href":"https:\/\/www.arabianssecret.com\/sk\/wp-json\/wp\/v2\/product"}],"about":[{"href":"https:\/\/www.arabianssecret.com\/sk\/wp-json\/wp\/v2\/types\/product"}],"version-history":[{"count":0,"href":"https:\/\/www.arabianssecret.com\/sk\/wp-json\/wp\/v2\/product\/1445\/revisions"}],"wp:featuredmedia":[{"embeddable":true,"href":"https:\/\/www.arabianssecret.com\/sk\/wp-json\/wp\/v2\/media\/8692"}],"wp:attachment":[{"href":"https:\/\/www.arabianssecret.com\/sk\/wp-json\/wp\/v2\/media?parent=1445"}],"wp:term":[{"taxonomy":"product_brand","embeddable":true,"href":"https:\/\/www.arabianssecret.com\/sk\/wp-json\/wp\/v2\/product_brand?post=1445"},{"taxonomy":"product_cat","embeddable":true,"href":"https:\/\/www.arabianssecret.com\/sk\/wp-json\/wp\/v2\/product_cat?post=1445"},{"taxonomy":"product_tag","embeddable":true,"href":"https:\/\/www.arabianssecret.com\/sk\/wp-json\/wp\/v2\/product_tag?post=1445"}],"curies":[{"name":"wp","href":"https:\/\/api.w.org\/{rel}","templated":true}]}}