{"id":33,"date":"2018-01-27T12:35:20","date_gmt":"2018-01-27T11:35:20","guid":{"rendered":"http:\/\/www.arabianssecret.com\/?post_type=product&#038;p=33"},"modified":"2026-03-04T16:56:55","modified_gmt":"2026-03-04T14:56:55","slug":"futur-roi","status":"publish","type":"product","link":"https:\/\/www.arabianssecret.com\/sk\/product\/futur-roi\/","title":{"rendered":"FUTUR ROI"},"content":{"rendered":"","protected":false},"excerpt":{"rendered":"<p style=\"text-align: center;\"><strong>Futur roi<\/strong><br \/>\nPr\u00eds\u013eub nov\u00e9ho a v\u00ed\u0165azn\u00e9ho \u00fasvitu, zajtraj\u0161ok patr\u00ed tomuto bud\u00facemu kr\u00e1\u013eovi. Intenz\u00edvny parf\u00e9m Future King je venovan\u00fd mu\u017eovi, ktor\u00fd sa presadzuje, pripraven\u00fd doby\u0165 svet a premeni\u0165 ho.<\/p>\n<p style=\"text-align: center;\">V hlave sa sn\u00fabia svie\u017ee a iskriv\u00e9 t\u00f3ny bergamotu s jemnos\u0165ou ru\u017ee, ktor\u00e9 vytv\u00e1raj\u00fa siln\u00fd z\u00e1klad v\u00f4ne so zmyseln\u00fdm srdcom z pa\u010duli a c\u00e9dru. Autentick\u00e1 a nad\u010dasov\u00e1 v\u00f4\u0148a za sebou zanech\u00e1va silu a vzne\u0161enos\u0165 drevit\u00e9ho pozadia kombinuj\u00faceho jant\u00e1r, santalov\u00e9 drevo a dubov\u00fd mach.<\/p>","protected":false},"featured_media":8764,"template":"","meta":{"_acf_changed":false},"product_brand":[],"product_cat":[71,75,78],"product_tag":[],"class_list":{"0":"post-33","1":"product","2":"type-product","3":"status-publish","4":"has-post-thumbnail","6":"product_cat-unisex","7":"product_cat-black_collection","8":"product_cat-eau-de-toilette","9":"wcpa_has_options","11":"first","12":"instock","13":"shipping-taxable","14":"purchasable","15":"product-type-simple"},"acf":[],"_links":{"self":[{"href":"https:\/\/www.arabianssecret.com\/sk\/wp-json\/wp\/v2\/product\/33","targetHints":{"allow":["GET"]}}],"collection":[{"href":"https:\/\/www.arabianssecret.com\/sk\/wp-json\/wp\/v2\/product"}],"about":[{"href":"https:\/\/www.arabianssecret.com\/sk\/wp-json\/wp\/v2\/types\/product"}],"version-history":[{"count":0,"href":"https:\/\/www.arabianssecret.com\/sk\/wp-json\/wp\/v2\/product\/33\/revisions"}],"wp:featuredmedia":[{"embeddable":true,"href":"https:\/\/www.arabianssecret.com\/sk\/wp-json\/wp\/v2\/media\/8764"}],"wp:attachment":[{"href":"https:\/\/www.arabianssecret.com\/sk\/wp-json\/wp\/v2\/media?parent=33"}],"wp:term":[{"taxonomy":"product_brand","embeddable":true,"href":"https:\/\/www.arabianssecret.com\/sk\/wp-json\/wp\/v2\/product_brand?post=33"},{"taxonomy":"product_cat","embeddable":true,"href":"https:\/\/www.arabianssecret.com\/sk\/wp-json\/wp\/v2\/product_cat?post=33"},{"taxonomy":"product_tag","embeddable":true,"href":"https:\/\/www.arabianssecret.com\/sk\/wp-json\/wp\/v2\/product_tag?post=33"}],"curies":[{"name":"wp","href":"https:\/\/api.w.org\/{rel}","templated":true}]}}