{"id":11046,"date":"2025-08-10T01:04:06","date_gmt":"2025-08-09T22:04:06","guid":{"rendered":"https:\/\/www.arabianssecret.com\/?page_id=11046"},"modified":"2025-10-13T03:42:56","modified_gmt":"2025-10-13T00:42:56","slug":"blue-collection","status":"publish","type":"page","link":"https:\/\/www.arabianssecret.com\/sl\/blue-collection\/","title":{"rendered":"Modra kolekcija"},"content":{"rendered":"<div data-elementor-type=\"wp-page\" data-elementor-id=\"11046\" class=\"elementor elementor-11046\" data-elementor-post-type=\"page\">\n\t\t\t\t\t\t<section class=\"elementor-section elementor-top-section elementor-element elementor-element-aa96b4e elementor-section-full_width elementor-section-height-default elementor-section-height-default\" data-id=\"aa96b4e\" data-element_type=\"section\" data-e-type=\"section\" data-settings=\"{&quot;background_background&quot;:&quot;classic&quot;}\">\n\t\t\t\t\t\t<div class=\"elementor-container elementor-column-gap-default\">\n\t\t\t\t\t<div class=\"elementor-column elementor-col-100 elementor-top-column elementor-element elementor-element-cfae320\" data-id=\"cfae320\" data-element_type=\"column\" data-e-type=\"column\">\n\t\t\t<div class=\"elementor-widget-wrap elementor-element-populated\">\n\t\t\t\t\t\t<div class=\"elementor-element elementor-element-10ef48e elementor-grid-5 elementor-product-loop-item--align-center elementor-grid-tablet-3 elementor-grid-mobile-2 elementor-products-grid elementor-wc-products elementor-widget elementor-widget-woocommerce-products\" data-id=\"10ef48e\" data-element_type=\"widget\" data-e-type=\"widget\" data-widget_type=\"woocommerce-products.default\">\n\t\t\t\t<div class=\"elementor-widget-container\">\n\t\t\t\t\t<div class=\"woocommerce columns-5\"><ul class=\"products elementor-grid columns-5\">\n<li class=\"wcpa_has_options product type-product post-11010 status-publish first instock product_cat-blue-collection product_cat-eau-de-toilette product_cat-unisex has-post-thumbnail shipping-taxable purchasable product-type-simple\">\n\t<a href=\"https:\/\/www.arabianssecret.com\/sl\/product\/octo-floralis\/\" class=\"woocommerce-LoopProduct-link woocommerce-loop-product__link\"><img fetchpriority=\"high\" decoding=\"async\" width=\"400\" height=\"400\" src=\"https:\/\/www.arabianssecret.com\/wp-content\/uploads\/2025\/07\/OCTO-FLORALIS-400x400.png\" class=\"attachment-woocommerce_thumbnail size-woocommerce_thumbnail\" alt=\"OCTO FLORALIS\" srcset=\"https:\/\/www.arabianssecret.com\/wp-content\/uploads\/2025\/07\/OCTO-FLORALIS-400x400.png 400w, https:\/\/www.arabianssecret.com\/wp-content\/uploads\/2025\/07\/OCTO-FLORALIS-300x300.png 300w, https:\/\/www.arabianssecret.com\/wp-content\/uploads\/2025\/07\/OCTO-FLORALIS-1024x1024.png 1024w, https:\/\/www.arabianssecret.com\/wp-content\/uploads\/2025\/07\/OCTO-FLORALIS-150x150.png 150w, https:\/\/www.arabianssecret.com\/wp-content\/uploads\/2025\/07\/OCTO-FLORALIS-768x768.png 768w, https:\/\/www.arabianssecret.com\/wp-content\/uploads\/2025\/07\/OCTO-FLORALIS-1536x1536.png 1536w, https:\/\/www.arabianssecret.com\/wp-content\/uploads\/2025\/07\/OCTO-FLORALIS-12x12.png 12w, https:\/\/www.arabianssecret.com\/wp-content\/uploads\/2025\/07\/OCTO-FLORALIS-993x993.png 993w, https:\/\/www.arabianssecret.com\/wp-content\/uploads\/2025\/07\/OCTO-FLORALIS-100x100.png 100w, https:\/\/www.arabianssecret.com\/wp-content\/uploads\/2025\/07\/OCTO-FLORALIS.png 2048w\" sizes=\"(max-width: 400px) 100vw, 400px\" data-xoowscfly=\"fly\" \/><h2 class=\"woocommerce-loop-product__title\">OCTO FLORALIS<\/h2>\n\t<span class=\"price\"><span class=\"woocs_price_code\" data-currency=\"\" data-redraw-id=\"69d290fcb48d4\"  data-product-id=\"11010\"><span class=\"woocommerce-Price-amount amount\"><bdi>39&nbsp;<span class=\"woocommerce-Price-currencySymbol\">US$<\/span><\/bdi><\/span><\/span><\/span>\n<\/a><a href=\"https:\/\/www.arabianssecret.com\/sl\/product\/octo-floralis\/\" aria-describedby=\"woocommerce_loop_add_to_cart_link_describedby_11010\" data-quantity=\"1\" class=\"button product_type_simple add_to_cart_button wcpa_add_to_cart_button\" data-product_id=\"11010\" data-product_sku=\"\" aria-label=\"Dodaj v ko\u0161arico: \u201cOCTO FLORALIS\u201d\" rel=\"nofollow\" data-success_message=\"\u201cOCTO FLORALIS\u201d je bil dodan v va\u0161o ko\u0161arico\" data-no-translation-aria-label=\"\" data-no-translation-data-success_message=\"\">Add to cart<\/a>\t<span id=\"woocommerce_loop_add_to_cart_link_describedby_11010\" class=\"screen-reader-text\">\n\t\t\t<\/span>\n<\/li>\n<li class=\"wcpa_has_options product type-product post-11008 status-publish instock product_cat-blue-collection product_cat-parfum product_cat-unisex has-post-thumbnail shipping-taxable purchasable product-type-simple\">\n\t<a href=\"https:\/\/www.arabianssecret.com\/sl\/product\/santal-brulant\/\" class=\"woocommerce-LoopProduct-link woocommerce-loop-product__link\"><img decoding=\"async\" width=\"400\" height=\"400\" src=\"https:\/\/www.arabianssecret.com\/wp-content\/uploads\/2025\/07\/SANTAL-BRULANT-400x400.png\" class=\"attachment-woocommerce_thumbnail size-woocommerce_thumbnail\" alt=\"SANTAL BR\u00dbLANT\" srcset=\"https:\/\/www.arabianssecret.com\/wp-content\/uploads\/2025\/07\/SANTAL-BRULANT-400x400.png 400w, https:\/\/www.arabianssecret.com\/wp-content\/uploads\/2025\/07\/SANTAL-BRULANT-300x300.png 300w, https:\/\/www.arabianssecret.com\/wp-content\/uploads\/2025\/07\/SANTAL-BRULANT-1024x1024.png 1024w, https:\/\/www.arabianssecret.com\/wp-content\/uploads\/2025\/07\/SANTAL-BRULANT-150x150.png 150w, https:\/\/www.arabianssecret.com\/wp-content\/uploads\/2025\/07\/SANTAL-BRULANT-768x768.png 768w, https:\/\/www.arabianssecret.com\/wp-content\/uploads\/2025\/07\/SANTAL-BRULANT-1536x1536.png 1536w, https:\/\/www.arabianssecret.com\/wp-content\/uploads\/2025\/07\/SANTAL-BRULANT-12x12.png 12w, https:\/\/www.arabianssecret.com\/wp-content\/uploads\/2025\/07\/SANTAL-BRULANT-993x993.png 993w, https:\/\/www.arabianssecret.com\/wp-content\/uploads\/2025\/07\/SANTAL-BRULANT-100x100.png 100w, https:\/\/www.arabianssecret.com\/wp-content\/uploads\/2025\/07\/SANTAL-BRULANT.png 2048w\" sizes=\"(max-width: 400px) 100vw, 400px\" data-xoowscfly=\"fly\" \/><h2 class=\"woocommerce-loop-product__title\">SANTAL BR\u00dbLANT<\/h2>\n\t<span class=\"price\"><span class=\"woocs_price_code\" data-currency=\"\" data-redraw-id=\"69d290fcb6d9a\"  data-product-id=\"11008\"><span class=\"woocommerce-Price-amount amount\"><bdi>49&nbsp;<span class=\"woocommerce-Price-currencySymbol\">US$<\/span><\/bdi><\/span><\/span><\/span>\n<\/a><a href=\"https:\/\/www.arabianssecret.com\/sl\/product\/santal-brulant\/\" aria-describedby=\"woocommerce_loop_add_to_cart_link_describedby_11008\" data-quantity=\"1\" class=\"button product_type_simple add_to_cart_button wcpa_add_to_cart_button\" data-product_id=\"11008\" data-product_sku=\"\" aria-label=\"Dodaj v ko\u0161arico: \u201cSANTAL BR\u00dbLANT\u201d\" rel=\"nofollow\" data-success_message=\"\u201cSANTAL BR\u00dbLANT\u201d je bil dodan v va\u0161o ko\u0161arico\" data-no-translation-aria-label=\"\" data-no-translation-data-success_message=\"\">Add to cart<\/a>\t<span id=\"woocommerce_loop_add_to_cart_link_describedby_11008\" class=\"screen-reader-text\">\n\t\t\t<\/span>\n<\/li>\n<\/ul>\n<\/div>\t\t\t\t<\/div>\n\t\t\t\t<\/div>\n\t\t\t\t\t<\/div>\n\t\t<\/div>\n\t\t\t\t\t<\/div>\n\t\t<\/section>\n\t\t<div class=\"elementor-element elementor-element-72ff465 e-con-full e-flex e-con e-parent\" data-id=\"72ff465\" data-element_type=\"container\" data-e-type=\"container\">\n\t\t\t\t<div class=\"elementor-element elementor-element-56d7b16 elementor-widget elementor-widget-heading\" data-id=\"56d7b16\" data-element_type=\"widget\" data-e-type=\"widget\" data-widget_type=\"heading.default\">\n\t\t\t\t<div class=\"elementor-widget-container\">\n\t\t\t\t\t<h1 class=\"elementor-heading-title elementor-size-default\">Blue Collection - Fragrances d'Exception<\/h1>\t\t\t\t<\/div>\n\t\t\t\t<\/div>\n\t\t\t\t<div class=\"elementor-element elementor-element-85237b0 elementor-widget elementor-widget-text-editor\" data-id=\"85237b0\" data-element_type=\"widget\" data-e-type=\"widget\" data-widget_type=\"text-editor.default\">\n\t\t\t\t<div class=\"elementor-widget-container\">\n\t\t\t\t\t\t\t\t\t<p>D\u00e9couvrez notre Collection Bleue exclusive, une symphonie olfactive qui \u00e9voque la s\u00e9r\u00e9nit\u00e9 des oc\u00e9ans et la profondeur du ciel nocturne. Chaque fragrance est soigneusement \u00e9labor\u00e9e avec des ingr\u00e9dients rares et pr\u00e9cieux, offrant une exp\u00e9rience sensorielle unique et inoubliable.<\/p>\t\t\t\t\t\t\t\t<\/div>\n\t\t\t\t<\/div>\n\t\t\t\t<div class=\"elementor-element elementor-element-9d66947 elementor-arrows-yes elementor-pagination-type-bullets elementor-review--has-separator elementor--star-style-star_fontawesome elementor-widget elementor-widget-reviews\" data-id=\"9d66947\" data-element_type=\"widget\" data-e-type=\"widget\" data-settings=\"{&quot;show_arrows&quot;:&quot;yes&quot;,&quot;pagination&quot;:&quot;bullets&quot;,&quot;speed&quot;:500,&quot;autoplay&quot;:&quot;yes&quot;,&quot;autoplay_speed&quot;:5000,&quot;loop&quot;:&quot;yes&quot;,&quot;pause_on_hover&quot;:&quot;yes&quot;,&quot;pause_on_interaction&quot;:&quot;yes&quot;,&quot;space_between&quot;:{&quot;unit&quot;:&quot;px&quot;,&quot;size&quot;:10,&quot;sizes&quot;:[]},&quot;space_between_tablet&quot;:{&quot;unit&quot;:&quot;px&quot;,&quot;size&quot;:10,&quot;sizes&quot;:[]},&quot;space_between_mobile&quot;:{&quot;unit&quot;:&quot;px&quot;,&quot;size&quot;:10,&quot;sizes&quot;:[]}}\" data-widget_type=\"reviews.default\">\n\t\t\t\t<div class=\"elementor-widget-container\">\n\t\t\t\t\t\t\t\t\t<div class=\"elementor-swiper\">\n\t\t\t\t\t<div class=\"elementor-main-swiper swiper\" role=\"region\" aria-roledescription=\"carousel\" aria-label=\"Diapozitivi\">\n\t\t\t\t<div class=\"swiper-wrapper\">\n\t\t\t\t\t\t\t\t\t\t\t<div class=\"swiper-slide\" role=\"group\" aria-roledescription=\"slide\">\n\t\t\t\t\t\t\t\t\t<div class=\"elementor-testimonial elementor-repeater-item-6e71e55\">\n\t\t\t\t\t\t\t<div class=\"elementor-testimonial__header\">\n\t\t\t\t\t\t\t\t\t\t\t<div class=\"elementor-testimonial__image\">\n\t\t\t\t\t\t\t<img decoding=\"async\" src=\"https:\/\/www.arabianssecret.com\/wp-content\/plugins\/elementor\/assets\/images\/placeholder.png\" alt=\"Sophie Martin\">\n\t\t\t\t\t\t\t\t\t\t\t\t\t<\/div>\n\t\t\t\t\t\t\t\t\t\t<cite class=\"elementor-testimonial__cite\"><span class=\"elementor-testimonial__name\">Sophie Martin<\/span><span class=\"elementor-testimonial__title\">Cliente Verified<\/span><\/cite>\t\t\t\t\t<div class=\"elementor-testimonial__icon elementor-icon elementor-icon-twitter\" aria-label=\"Leggi tutto\"><svg aria-hidden=\"true\" class=\"e-font-icon-svg e-fab-twitter\" viewbox=\"0 0 512 512\" xmlns=\"http:\/\/www.w3.org\/2000\/svg\"><path d=\"M459.37 151.716c.325 4.548.325 9.097.325 13.645 0 138.72-105.583 298.558-298.558 298.558-59.452 0-114.68-17.219-161.137-47.106 8.447.974 16.568 1.299 25.34 1.299 49.055 0 94.213-16.568 130.274-44.832-46.132-.975-84.792-31.188-98.112-72.772 6.498.974 12.995 1.624 19.818 1.624 9.421 0 18.843-1.3 27.614-3.573-48.081-9.747-84.143-51.98-84.143-102.985v-1.299c13.969 7.797 30.214 12.67 47.431 13.319-28.264-18.843-46.781-51.005-46.781-87.391 0-19.492 5.197-37.36 14.294-52.954 51.655 63.675 129.3 105.258 216.365 109.807-1.624-7.797-2.599-15.918-2.599-24.04 0-57.828 46.782-104.934 104.934-104.934 30.213 0 57.502 12.67 76.67 33.137 23.715-4.548 46.456-13.32 66.599-25.34-7.798 24.366-24.366 44.833-46.132 57.827 21.117-2.273 41.584-8.122 60.426-16.243-14.292 20.791-32.161 39.308-52.628 54.253z\"><\/path><\/svg><\/div>\t\t\t\t<\/div>\n\t\t\t\t\t\t\t\t\t\t<div class=\"elementor-testimonial__content\">\n\t\t\t\t\t<div class=\"elementor-testimonial__text\">\n\t\t\t\t\t\tUne collection absolument divine! Les fragrances bleues sont d'\u00e9l\u00e9gance et de raffinement. J'ai command\u00e9 Santal Br\u00fblant et je suis conquise par sa longueur en bouche et son sillage envoutant. Un vrai coup de coeur!\t\t\t\t\t<\/div>\n\t\t\t\t<\/div>\n\t\t\t\t\t<\/div>\n\t\t\t\t\t\t\t\t<\/div>\n\t\t\t\t\t\t\t\t\t\t\t<div class=\"swiper-slide\" role=\"group\" aria-roledescription=\"slide\">\n\t\t\t\t\t\t\t\t\t<div class=\"elementor-testimonial elementor-repeater-item-44cee76\">\n\t\t\t\t\t\t\t<div class=\"elementor-testimonial__header\">\n\t\t\t\t\t\t\t\t\t\t\t<div class=\"elementor-testimonial__image\">\n\t\t\t\t\t\t\t<img decoding=\"async\" src=\"https:\/\/www.arabianssecret.com\/wp-content\/plugins\/elementor\/assets\/images\/placeholder.png\" alt=\"John Doe\">\n\t\t\t\t\t\t\t\t\t\t\t\t\t<\/div>\n\t\t\t\t\t\t\t\t\t\t<cite class=\"elementor-testimonial__cite\"><span class=\"elementor-testimonial__name\">John Doe<\/span><span class=\"elementor-testimonial__title\">@username<\/span><\/cite>\t\t\t\t\t<div class=\"elementor-testimonial__icon elementor-icon elementor-icon-twitter\" aria-label=\"Leggi tutto\"><svg aria-hidden=\"true\" class=\"e-font-icon-svg e-fab-twitter\" viewbox=\"0 0 512 512\" xmlns=\"http:\/\/www.w3.org\/2000\/svg\"><path d=\"M459.37 151.716c.325 4.548.325 9.097.325 13.645 0 138.72-105.583 298.558-298.558 298.558-59.452 0-114.68-17.219-161.137-47.106 8.447.974 16.568 1.299 25.34 1.299 49.055 0 94.213-16.568 130.274-44.832-46.132-.975-84.792-31.188-98.112-72.772 6.498.974 12.995 1.624 19.818 1.624 9.421 0 18.843-1.3 27.614-3.573-48.081-9.747-84.143-51.98-84.143-102.985v-1.299c13.969 7.797 30.214 12.67 47.431 13.319-28.264-18.843-46.781-51.005-46.781-87.391 0-19.492 5.197-37.36 14.294-52.954 51.655 63.675 129.3 105.258 216.365 109.807-1.624-7.797-2.599-15.918-2.599-24.04 0-57.828 46.782-104.934 104.934-104.934 30.213 0 57.502 12.67 76.67 33.137 23.715-4.548 46.456-13.32 66.599-25.34-7.798 24.366-24.366 44.833-46.132 57.827 21.117-2.273 41.584-8.122 60.426-16.243-14.292 20.791-32.161 39.308-52.628 54.253z\"><\/path><\/svg><\/div>\t\t\t\t<\/div>\n\t\t\t\t\t\t\t\t\t\t<div class=\"elementor-testimonial__content\">\n\t\t\t\t\t<div class=\"elementor-testimonial__text\">\n\t\t\t\t\t\tLorem ipsum dolor sit amet, consectetur adipiscing elit. Ut elit tellus, luctus nec ullamcorper mattis, pulvinar dapibus leo.\t\t\t\t\t<\/div>\n\t\t\t\t<\/div>\n\t\t\t\t\t<\/div>\n\t\t\t\t\t\t\t\t<\/div>\n\t\t\t\t\t\t\t\t\t\t\t<div class=\"swiper-slide\" role=\"group\" aria-roledescription=\"slide\">\n\t\t\t\t\t\t\t\t\t<div class=\"elementor-testimonial elementor-repeater-item-965eee6\">\n\t\t\t\t\t\t\t<div class=\"elementor-testimonial__header\">\n\t\t\t\t\t\t\t\t\t\t\t<div class=\"elementor-testimonial__image\">\n\t\t\t\t\t\t\t<img decoding=\"async\" src=\"https:\/\/www.arabianssecret.com\/wp-content\/plugins\/elementor\/assets\/images\/placeholder.png\" alt=\"John Doe\">\n\t\t\t\t\t\t\t\t\t\t\t\t\t<\/div>\n\t\t\t\t\t\t\t\t\t\t<cite class=\"elementor-testimonial__cite\"><span class=\"elementor-testimonial__name\">John Doe<\/span><span class=\"elementor-testimonial__title\">@username<\/span><\/cite>\t\t\t\t\t<div class=\"elementor-testimonial__icon elementor-icon elementor-icon-twitter\" aria-label=\"Leggi tutto\"><svg aria-hidden=\"true\" class=\"e-font-icon-svg e-fab-twitter\" viewbox=\"0 0 512 512\" xmlns=\"http:\/\/www.w3.org\/2000\/svg\"><path d=\"M459.37 151.716c.325 4.548.325 9.097.325 13.645 0 138.72-105.583 298.558-298.558 298.558-59.452 0-114.68-17.219-161.137-47.106 8.447.974 16.568 1.299 25.34 1.299 49.055 0 94.213-16.568 130.274-44.832-46.132-.975-84.792-31.188-98.112-72.772 6.498.974 12.995 1.624 19.818 1.624 9.421 0 18.843-1.3 27.614-3.573-48.081-9.747-84.143-51.98-84.143-102.985v-1.299c13.969 7.797 30.214 12.67 47.431 13.319-28.264-18.843-46.781-51.005-46.781-87.391 0-19.492 5.197-37.36 14.294-52.954 51.655 63.675 129.3 105.258 216.365 109.807-1.624-7.797-2.599-15.918-2.599-24.04 0-57.828 46.782-104.934 104.934-104.934 30.213 0 57.502 12.67 76.67 33.137 23.715-4.548 46.456-13.32 66.599-25.34-7.798 24.366-24.366 44.833-46.132 57.827 21.117-2.273 41.584-8.122 60.426-16.243-14.292 20.791-32.161 39.308-52.628 54.253z\"><\/path><\/svg><\/div>\t\t\t\t<\/div>\n\t\t\t\t\t\t\t\t\t\t<div class=\"elementor-testimonial__content\">\n\t\t\t\t\t<div class=\"elementor-testimonial__text\">\n\t\t\t\t\t\tLorem ipsum dolor sit amet, consectetur adipiscing elit. Ut elit tellus, luctus nec ullamcorper mattis, pulvinar dapibus leo.\t\t\t\t\t<\/div>\n\t\t\t\t<\/div>\n\t\t\t\t\t<\/div>\n\t\t\t\t\t\t\t\t<\/div>\n\t\t\t\t\t\t\t\t\t<\/div>\n\t\t\t\t\t\t\t\t\t\t\t\t\t\t\t<div class=\"elementor-swiper-button elementor-swiper-button-prev\" role=\"button\" tabindex=\"0\" aria-label=\"Precedente\">\n\t\t\t\t\t\t\t<svg aria-hidden=\"true\" class=\"e-font-icon-svg e-eicon-chevron-left\" viewbox=\"0 0 1000 1000\" xmlns=\"http:\/\/www.w3.org\/2000\/svg\"><path d=\"M646 125C629 125 613 133 604 142L308 442C296 454 292 471 292 487 292 504 296 521 308 533L604 854C617 867 629 875 646 875 663 875 679 871 692 858 704 846 713 829 713 812 713 796 708 779 692 767L438 487 692 225C700 217 708 204 708 187 708 171 704 154 692 142 675 129 663 125 646 125Z\"><\/path><\/svg>\t\t\t\t\t\t<\/div>\n\t\t\t\t\t\t<div class=\"elementor-swiper-button elementor-swiper-button-next\" role=\"button\" tabindex=\"0\" aria-label=\"Successivo\">\n\t\t\t\t\t\t\t<svg aria-hidden=\"true\" class=\"e-font-icon-svg e-eicon-chevron-right\" viewbox=\"0 0 1000 1000\" xmlns=\"http:\/\/www.w3.org\/2000\/svg\"><path d=\"M696 533C708 521 713 504 713 487 713 471 708 454 696 446L400 146C388 133 375 125 354 125 338 125 325 129 313 142 300 154 292 171 292 187 292 204 296 221 308 233L563 492 304 771C292 783 288 800 288 817 288 833 296 850 308 863 321 871 338 875 354 875 371 875 388 867 400 854L696 533Z\"><\/path><\/svg>\t\t\t\t\t\t<\/div>\n\t\t\t\t\t\t\t\t\t\t\t\t\t\t\t\t<div class=\"swiper-pagination\"><\/div>\n\t\t\t\t\t\t\t\t\t\t\t\t<\/div>\n\t\t\t\t<\/div>\n\t\t\t\t\t\t\t\t<\/div>\n\t\t\t\t<\/div>\n\t\t\t\t<div class=\"elementor-element elementor-element-ecdca94 elementor-cta--skin-classic elementor-animated-content elementor-bg-transform elementor-bg-transform-zoom-in elementor-widget elementor-widget-call-to-action\" data-id=\"ecdca94\" data-element_type=\"widget\" data-e-type=\"widget\" data-widget_type=\"call-to-action.default\">\n\t\t\t\t<div class=\"elementor-widget-container\">\n\t\t\t\t\t\t\t<div class=\"elementor-cta\">\n\t\t\t\t\t<div class=\"elementor-cta__bg-wrapper\">\n\t\t\t\t<div class=\"elementor-cta__bg elementor-bg\" style=\"background-image: url(https:\/\/www.arabianssecret.com\/wp-content\/plugins\/elementor\/assets\/images\/placeholder.png);\" role=\"img\" aria-label=\"\"><\/div>\n\t\t\t\t<div class=\"elementor-cta__bg-overlay\"><\/div>\n\t\t\t<\/div>\n\t\t\t\t\t\t\t<div class=\"elementor-cta__content\">\n\t\t\t\t\n\t\t\t\t\t\t\t\t\t<h2 class=\"elementor-cta__title elementor-cta__content-item elementor-content-item\">\n\t\t\t\t\t\tOffre Exclusive Blue Collection\t\t\t\t\t<\/h2>\n\t\t\t\t\n\t\t\t\t\t\t\t\t\t<div class=\"elementor-cta__description elementor-cta__content-item elementor-content-item\">\n\t\t\t\t\t\tProfitez de notre offre sp\u00e9ciale : -20% sur votre premi\u00e8re commande de fragrances bleues. Livraison gratuite d\u00e8s 50\u20ac. D\u00e9couvrez l'\u00e9l\u00e9gance intemporelle des ar\u00f4mes d'exception.\t\t\t\t\t<\/div>\n\t\t\t\t\n\t\t\t\t\t\t\t\t\t<div class=\"elementor-cta__button-wrapper elementor-cta__content-item elementor-content-item\">\n\t\t\t\t\t<a class=\"elementor-cta__button elementor-button elementor-size-\">\n\t\t\t\t\t\tD\u00e9couvrir Maintenant\t\t\t\t\t<\/a>\n\t\t\t\t\t<\/div>\n\t\t\t\t\t\t\t<\/div>\n\t\t\t\t\t\t<\/div>\n\t\t\t\t\t\t<\/div>\n\t\t\t\t<\/div>\n\t\t\t\t<\/div>\n\t\t\t\t<\/div>","protected":false},"excerpt":{"rendered":"<p>Blue Collection &#8211; Fragrances d&#8217;Exception D\u00e9couvrez notre Collection Bleue exclusive, une symphonie olfactive qui \u00e9voque la s\u00e9r\u00e9nit\u00e9 des oc\u00e9ans et la profondeur du ciel nocturne. Chaque fragrance est soigneusement \u00e9labor\u00e9e avec des ingr\u00e9dients rares et pr\u00e9cieux, offrant une exp\u00e9rience sensorielle unique et inoubliable. Sophie MartinCliente Verified Une collection absolument divine! Les fragrances bleues sont d&#8217;\u00e9l\u00e9gance [&hellip;]<\/p>\n","protected":false},"author":2,"featured_media":0,"parent":0,"menu_order":0,"comment_status":"closed","ping_status":"closed","template":"","meta":{"_acf_changed":false,"footnotes":""},"class_list":["post-11046","page","type-page","status-publish","hentry"],"acf":[],"_links":{"self":[{"href":"https:\/\/www.arabianssecret.com\/sl\/wp-json\/wp\/v2\/pages\/11046","targetHints":{"allow":["GET"]}}],"collection":[{"href":"https:\/\/www.arabianssecret.com\/sl\/wp-json\/wp\/v2\/pages"}],"about":[{"href":"https:\/\/www.arabianssecret.com\/sl\/wp-json\/wp\/v2\/types\/page"}],"author":[{"embeddable":true,"href":"https:\/\/www.arabianssecret.com\/sl\/wp-json\/wp\/v2\/users\/2"}],"replies":[{"embeddable":true,"href":"https:\/\/www.arabianssecret.com\/sl\/wp-json\/wp\/v2\/comments?post=11046"}],"version-history":[{"count":0,"href":"https:\/\/www.arabianssecret.com\/sl\/wp-json\/wp\/v2\/pages\/11046\/revisions"}],"wp:attachment":[{"href":"https:\/\/www.arabianssecret.com\/sl\/wp-json\/wp\/v2\/media?parent=11046"}],"curies":[{"name":"wp","href":"https:\/\/api.w.org\/{rel}","templated":true}]}}