{"id":33,"date":"2018-01-27T12:35:20","date_gmt":"2018-01-27T11:35:20","guid":{"rendered":"http:\/\/www.arabianssecret.com\/?post_type=product&#038;p=33"},"modified":"2026-03-04T16:56:55","modified_gmt":"2026-03-04T14:56:55","slug":"futur-roi","status":"publish","type":"product","link":"https:\/\/www.arabianssecret.com\/sl\/product\/futur-roi\/","title":{"rendered":"FUTUR ROI"},"content":{"rendered":"","protected":false},"excerpt":{"rendered":"<p style=\"text-align: center;\"><strong>Futur roi<\/strong><br \/>\nObljuba nove in zmagovite zore, jutri\u0161nji dan pripada temu bodo\u010demu kralju. Intenziven parfum Future King je posve\u010den mo\u0161kemu, ki se uveljavlja in je pripravljen osvojiti svet ter ga preoblikovati.<\/p>\n<p style=\"text-align: center;\">V glavi se sve\u017ee in iskrive note bergamotke zdru\u017eijo z ne\u017enostjo vrtnice in postavijo mo\u010dne temelje di\u0161avi s \u010dutnim srcem iz pa\u010dulija in cedre. Avtenti\u010dna in brez\u010dasna di\u0161ava za seboj pusti mo\u010d in plemenitost lesnega ozadja, ki zdru\u017euje jantar, sandalovino in hrastov mah.<\/p>","protected":false},"featured_media":8764,"template":"","meta":{"_acf_changed":false},"product_brand":[],"product_cat":[71,75,78],"product_tag":[],"class_list":{"0":"post-33","1":"product","2":"type-product","3":"status-publish","4":"has-post-thumbnail","6":"product_cat-unisex","7":"product_cat-black_collection","8":"product_cat-eau-de-toilette","9":"wcpa_has_options","11":"first","12":"instock","13":"shipping-taxable","14":"purchasable","15":"product-type-simple"},"acf":[],"_links":{"self":[{"href":"https:\/\/www.arabianssecret.com\/sl\/wp-json\/wp\/v2\/product\/33","targetHints":{"allow":["GET"]}}],"collection":[{"href":"https:\/\/www.arabianssecret.com\/sl\/wp-json\/wp\/v2\/product"}],"about":[{"href":"https:\/\/www.arabianssecret.com\/sl\/wp-json\/wp\/v2\/types\/product"}],"version-history":[{"count":0,"href":"https:\/\/www.arabianssecret.com\/sl\/wp-json\/wp\/v2\/product\/33\/revisions"}],"wp:featuredmedia":[{"embeddable":true,"href":"https:\/\/www.arabianssecret.com\/sl\/wp-json\/wp\/v2\/media\/8764"}],"wp:attachment":[{"href":"https:\/\/www.arabianssecret.com\/sl\/wp-json\/wp\/v2\/media?parent=33"}],"wp:term":[{"taxonomy":"product_brand","embeddable":true,"href":"https:\/\/www.arabianssecret.com\/sl\/wp-json\/wp\/v2\/product_brand?post=33"},{"taxonomy":"product_cat","embeddable":true,"href":"https:\/\/www.arabianssecret.com\/sl\/wp-json\/wp\/v2\/product_cat?post=33"},{"taxonomy":"product_tag","embeddable":true,"href":"https:\/\/www.arabianssecret.com\/sl\/wp-json\/wp\/v2\/product_tag?post=33"}],"curies":[{"name":"wp","href":"https:\/\/api.w.org\/{rel}","templated":true}]}}