{"id":49,"date":"2018-01-27T12:55:10","date_gmt":"2018-01-27T11:55:10","guid":{"rendered":"http:\/\/www.arabianssecret.com\/?post_type=product&#038;p=49"},"modified":"2026-03-04T16:56:32","modified_gmt":"2026-03-04T14:56:32","slug":"poussieres-d-etoile","status":"publish","type":"product","link":"https:\/\/www.arabianssecret.com\/sl\/product\/poussieres-d-etoile\/","title":{"rendered":"POUSSIERE D'ETOILE"},"content":{"rendered":"<div data-elementor-type=\"product-post\" data-elementor-id=\"49\" class=\"elementor elementor-49\" data-elementor-post-type=\"product\">\n\t\t\t\t\t\t<section class=\"elementor-section elementor-top-section elementor-element elementor-element-59c12acf elementor-section-boxed elementor-section-height-default elementor-section-height-default\" data-id=\"59c12acf\" data-element_type=\"section\" data-e-type=\"section\">\n\t\t\t\t\t\t<div class=\"elementor-container elementor-column-gap-default\">\n\t\t\t\t\t<div class=\"elementor-column elementor-col-100 elementor-top-column elementor-element elementor-element-444c9d02\" data-id=\"444c9d02\" data-element_type=\"column\" data-e-type=\"column\">\n\t\t\t<div class=\"elementor-widget-wrap elementor-element-populated\">\n\t\t\t\t\t\t<div class=\"elementor-element elementor-element-101e1d33 elementor-widget elementor-widget-text-editor\" data-id=\"101e1d33\" data-element_type=\"widget\" data-e-type=\"widget\" data-widget_type=\"text-editor.default\">\n\t\t\t\t<div class=\"elementor-widget-container\">\n\t\t\t\t\t\t\t\t\t<blockquote>\r\n<p style=\"text-align: left;\">Lumineux et grisant comme un ciel constell\u00e9 de diamants, cet hesp\u00e9rid\u00e9 bois\u00e9 a la puret\u00e9 d&#8217;une nuit \u00e9toil\u00e9e. Vif et p\u00e9tillant, Poussi\u00e8re d&#8217;\u00e9toile s\u00e9duit tout d&#8217;abord par l&#8217;audace de notes malicieuses de Bergamote et de Poivre. Profond\u00e9ment charmeur, son c\u0153ur se r\u00e9chauffe harmonieusement de notes de G\u00e9ranium, Lavande, V\u00e9tiver et de Patchouli pour r\u00e9v\u00e9ler une femme c\u00e9leste et radieuse. C\u00e8dre et Labdanum apportent offrent \u00e0 ce jus l&#8217;infinie s\u00e9r\u00e9nit\u00e9 de puissantes notes de fond v\u00e9g\u00e9tales bois\u00e9es.<\/p>\r\n<\/blockquote>\t\t\t\t\t\t\t\t<\/div>\n\t\t\t\t<\/div>\n\t\t\t\t\t<\/div>\n\t\t<\/div>\n\t\t\t\t\t<\/div>\n\t\t<\/section>\n\t\t\t\t<section class=\"elementor-section elementor-top-section elementor-element elementor-element-3b3c73e elementor-section-boxed elementor-section-height-default elementor-section-height-default\" data-id=\"3b3c73e\" data-element_type=\"section\" data-e-type=\"section\">\n\t\t\t\t\t\t<div class=\"elementor-container elementor-column-gap-default\">\n\t\t\t\t\t<div class=\"elementor-column elementor-col-100 elementor-top-column elementor-element elementor-element-6e5ce7f\" data-id=\"6e5ce7f\" data-element_type=\"column\" data-e-type=\"column\">\n\t\t\t<div class=\"elementor-widget-wrap elementor-element-populated\">\n\t\t\t\t\t\t<div class=\"elementor-element elementor-element-f44a194 elementor-arrows-position-inside elementor-pagination-position-outside elementor-widget elementor-widget-image-carousel\" data-id=\"f44a194\" data-element_type=\"widget\" data-e-type=\"widget\" data-settings=\"{&quot;slides_to_show&quot;:&quot;1&quot;,&quot;navigation&quot;:&quot;both&quot;,&quot;autoplay&quot;:&quot;yes&quot;,&quot;pause_on_hover&quot;:&quot;yes&quot;,&quot;pause_on_interaction&quot;:&quot;yes&quot;,&quot;autoplay_speed&quot;:5000,&quot;infinite&quot;:&quot;yes&quot;,&quot;effect&quot;:&quot;slide&quot;,&quot;speed&quot;:500}\" data-widget_type=\"image-carousel.default\">\n\t\t\t\t<div class=\"elementor-widget-container\">\n\t\t\t\t\t\t\t<div class=\"elementor-image-carousel-wrapper swiper\" role=\"region\" aria-roledescription=\"carousel\" aria-label=\"Vrtiljak slik\" dir=\"ltr\">\n\t\t\t<div class=\"elementor-image-carousel swiper-wrapper swiper-image-stretch\" aria-live=\"off\">\n\t\t\t\t\t\t\t\t<div class=\"swiper-slide\" role=\"group\" aria-roledescription=\"slide\" aria-label=\"1 of 1\"><figure class=\"swiper-slide-inner\"><img decoding=\"async\" class=\"swiper-slide-image\" src=\"https:\/\/www.arabianssecret.com\/wp-content\/uploads\/2018\/01\/Poussiere-Detoile-STORY-2.png\" alt=\"Poussiere D&#039;etoile STORY (2)\" \/><\/figure><\/div>\t\t\t<\/div>\n\t\t\t\t\t<\/div>\n\t\t\t\t\t\t<\/div>\n\t\t\t\t<\/div>\n\t\t\t\t\t<\/div>\n\t\t<\/div>\n\t\t\t\t\t<\/div>\n\t\t<\/section>\n\t\t\t\t<\/div>","protected":false},"excerpt":{"rendered":"<p style=\"text-align: center;\"><strong>Poussi\u00e8re d&#8217;\u00e9toile<\/strong><br \/>\nBright and exhilarating like a sky studded with diamonds, this woody citrus has the purity of a starry night. Vivid and sparkling, Star Dust seduces first of all by the audacity of malicious notes of Bergamot and Pepper. Profoundly charming, her heart warms harmoniously with notes of Geranium, Lavender, Vetiver and Patchouli to reveal a heavenly and radiant woman. Cedar and Labdanum bring offer to this juice the infinite serenity of powerful woody vegetal background notes.<\/p>","protected":false},"featured_media":8767,"template":"","meta":{"_acf_changed":false},"product_brand":[],"product_cat":[71,75,78],"product_tag":[],"class_list":{"0":"post-49","1":"product","2":"type-product","3":"status-publish","4":"has-post-thumbnail","6":"product_cat-unisex","7":"product_cat-black_collection","8":"product_cat-eau-de-toilette","9":"wcpa_has_options","11":"first","12":"instock","13":"shipping-taxable","14":"purchasable","15":"product-type-simple"},"acf":[],"_links":{"self":[{"href":"https:\/\/www.arabianssecret.com\/sl\/wp-json\/wp\/v2\/product\/49","targetHints":{"allow":["GET"]}}],"collection":[{"href":"https:\/\/www.arabianssecret.com\/sl\/wp-json\/wp\/v2\/product"}],"about":[{"href":"https:\/\/www.arabianssecret.com\/sl\/wp-json\/wp\/v2\/types\/product"}],"version-history":[{"count":0,"href":"https:\/\/www.arabianssecret.com\/sl\/wp-json\/wp\/v2\/product\/49\/revisions"}],"wp:featuredmedia":[{"embeddable":true,"href":"https:\/\/www.arabianssecret.com\/sl\/wp-json\/wp\/v2\/media\/8767"}],"wp:attachment":[{"href":"https:\/\/www.arabianssecret.com\/sl\/wp-json\/wp\/v2\/media?parent=49"}],"wp:term":[{"taxonomy":"product_brand","embeddable":true,"href":"https:\/\/www.arabianssecret.com\/sl\/wp-json\/wp\/v2\/product_brand?post=49"},{"taxonomy":"product_cat","embeddable":true,"href":"https:\/\/www.arabianssecret.com\/sl\/wp-json\/wp\/v2\/product_cat?post=49"},{"taxonomy":"product_tag","embeddable":true,"href":"https:\/\/www.arabianssecret.com\/sl\/wp-json\/wp\/v2\/product_tag?post=49"}],"curies":[{"name":"wp","href":"https:\/\/api.w.org\/{rel}","templated":true}]}}